{"id":8907,"date":"2021-09-10T13:52:02","date_gmt":"2021-09-10T13:52:02","guid":{"rendered":"https:\/\/www.rentmenow.it\/location-de-scooter\/"},"modified":"2025-10-17T12:05:33","modified_gmt":"2025-10-17T12:05:33","slug":"location-de-scooter","status":"publish","type":"page","link":"https:\/\/www.rentmenow.it\/fr\/location-de-scooter\/","title":{"rendered":"Location de Scooter"},"content":{"rendered":"<p>[vc_row full_width=\u00a0\u00bbstretch_row_content_no_spaces\u00a0\u00bb bg_type=\u00a0\u00bbimage\u00a0\u00bb bg_override=\u00a0\u00bbex-full\u00a0\u00bb css=\u00a0\u00bb.vc_custom_1620664216600{background-image: url(https:\/\/www.rentmenow.it\/wp-content\/uploads\/2021\/05\/kawasaky_versys650-noleggio-rentmenow.jpg?id=7902) !important;}\u00a0\u00bb][vc_column width=\u00a0\u00bb1\/2&Prime; css=\u00a0\u00bb.vc_custom_1620750110955{background-color: rgba(0,159,227,0.71) !important;*background-color: rgb(0,159,227) !important;}\u00a0\u00bb]<div id=\"ultimate-heading-820269f265ff672d6\" class=\"uvc-heading ult-adjust-bottom-margin ultimate-heading-820269f265ff672d6 uvc-283 \" data-hspacer=\"no_spacer\"  data-halign=\"center\" style=\"text-align:center\"><div class=\"uvc-heading-spacer no_spacer\" style=\"top\"><\/div><div class=\"uvc-main-heading ult-responsive\"  data-ultimate-target='.uvc-heading.ultimate-heading-820269f265ff672d6 h2'  data-responsive-json-new='{\"font-size\":\"desktop:70px;mobile:50px;\",\"line-height\":\"\"}' ><h2 style=\"font-weight:bold;color:#ffffff;\">Location de Scooters, Voitures et V\u00e9los<\/h2><\/div><\/div>[vc_empty_space][\/vc_column][vc_column width=\u00a0\u00bb1\/2&Prime;][\/vc_column][\/vc_row][vc_row full_width=\u00a0\u00bbstretch_row\u00a0\u00bb bg_type=\u00a0\u00bbbg_color\u00a0\u00bb bg_override=\u00a0\u00bbfull\u00a0\u00bb css=\u00a0\u00bb.vc_custom_1620750145580{margin-top: 50px !important;margin-bottom: 0px !important;border-top-width: 0px !important;border-bottom-width: 0px !important;padding-top: 0px !important;padding-right: 20px !important;padding-bottom: 0px !important;padding-left: 20px !important;}\u00a0\u00bb bg_color_value=\u00a0\u00bb#ffffff\u00a0\u00bb][vc_column]<div id=\"ultimate-heading-821169f265ff6734a\" class=\"uvc-heading ult-adjust-bottom-margin ultimate-heading-821169f265ff6734a uvc-6668 \" data-hspacer=\"no_spacer\"  data-halign=\"center\" style=\"text-align:center\"><div class=\"uvc-heading-spacer no_spacer\" style=\"top\"><\/div><div class=\"uvc-main-heading ult-responsive\"  data-ultimate-target='.uvc-heading.ultimate-heading-821169f265ff6734a p'  data-responsive-json-new='{\"font-size\":\"desktop:40px;mobile:25px;\",\"line-height\":\"\"}' ><p style=\"font-weight:bold;color:#b1e839;margin-bottom:20px;\">Profite de ta libert\u00e9<\/p><\/div><div class=\"uvc-sub-heading ult-responsive\"  data-ultimate-target='.uvc-heading.ultimate-heading-821169f265ff6734a .uvc-sub-heading '  data-responsive-json-new='{\"font-size\":\"desktop:35px;mobile:18px;\",\"line-height\":\"desktop:40px;\"}'  style=\"font-weight:normal;margin-top:20px;\"><\/p>\n<p style=\"text-align: center;\">Louer un scooter est la meilleure fa\u00e7on de profiter de tes vacances sans stress, tu auras en effet l&rsquo;opportunit\u00e9 de te d\u00e9placer facilement dans la ville et de visiter des endroits magnifiques.<\/p>\n<p><\/div><\/div>[\/vc_column][\/vc_row][vc_row full_width=\u00a0\u00bbstretch_row_content_no_spaces\u00a0\u00bb bg_type=\u00a0\u00bbimage\u00a0\u00bb parallax_style=\u00a0\u00bbvcpb-default\u00a0\u00bb bg_image_new=\u00a0\u00bbid^8035|url^https:\/\/www.rentmenow.it\/wp-content\/uploads\/2021\/05\/noleggio-scooter-cefalu-1.jpg|caption^null|alt^null|title^noleggio scooter cefalu|description^null\u00a0\u00bb bg_image_repeat=\u00a0\u00bbno-repeat\u00a0\u00bb bg_override=\u00a0\u00bbex-full\u00a0\u00bb css=\u00a0\u00bb.vc_custom_1621853465721{margin-top: 50px !important;margin-bottom: 0px !important;border-top-width: 0px !important;border-bottom-width: 0px !important;padding-top: 0px !important;padding-bottom: 0px !important;}\u00a0\u00bb][vc_column][vc_empty_space height=\u00a0\u00bb550px\u00a0\u00bb][\/vc_column][\/vc_row][vc_row full_width=\u00a0\u00bbstretch_row_content_no_spaces\u00a0\u00bb bg_type=\u00a0\u00bbimage\u00a0\u00bb parallax_style=\u00a0\u00bbvcpb-default\u00a0\u00bb bg_override=\u00a0\u00bbfull\u00a0\u00bb css=\u00a0\u00bb.vc_custom_1621853981087{margin-top: 50px !important;margin-bottom: 0px !important;border-top-width: 0px !important;border-bottom-width: 0px !important;padding-top: 0px !important;padding-bottom: 0px !important;}\u00a0\u00bb][vc_column width=\u00a0\u00bb1\/2&Prime;][vc_empty_space height=\u00a0\u00bb50px\u00a0\u00bb][vc_single_image image=\u00a0\u00bb8908&Prime; img_size=\u00a0\u00bbfull\u00a0\u00bb css_animation=\u00a0\u00bbfadeInLeft\u00a0\u00bb css=\u00a0\u00bb.vc_custom_1754039310305{margin-bottom: 0px !important;border-bottom-width: 0px !important;padding-bottom: 0px !important;}\u00a0\u00bb][\/vc_column][vc_column css_animation=\u00a0\u00bbfadeInRight\u00a0\u00bb width=\u00a0\u00bb1\/2&Prime; css=\u00a0\u00bb.vc_custom_1620221005220{padding-right: 10% !important;padding-left: 10% !important;}\u00a0\u00bb]<div id=\"ultimate-heading-180969f265ff673da\" class=\"uvc-heading ult-adjust-bottom-margin ultimate-heading-180969f265ff673da uvc-8754 \" data-hspacer=\"line_only\"  data-halign=\"left\" style=\"text-align:left\"><div class=\"uvc-main-heading ult-responsive\"  data-ultimate-target='.uvc-heading.ultimate-heading-180969f265ff673da h2'  data-responsive-json-new='{\"font-size\":\"desktop:35px;mobile:25px;\",\"line-height\":\"\"}' ><h2 style=\"font-family:&#039;Poppins&#039;;font-weight:bold;color:#b1e839;margin-bottom:8px;\">La meilleure location de scooters \u00e0 Cefal\u00f9<\/h2><\/div><div class=\"uvc-heading-spacer line_only\" style=\"topheight:1px;\"><span class=\"uvc-headings-line\" style=\"border-style:solid;border-bottom-width:1px;border-color:#ffffff;width:60px;\"><\/span><\/div><\/div><div id=\"ultimate-heading-657469f265ff67456\" class=\"uvc-heading ult-adjust-bottom-margin ultimate-heading-657469f265ff67456 uvc-9444 \" data-hspacer=\"no_spacer\"  data-halign=\"left\" style=\"text-align:left\"><div class=\"uvc-heading-spacer no_spacer\" style=\"top\"><\/div><div class=\"uvc-sub-heading ult-responsive\"  data-ultimate-target='.uvc-heading.ultimate-heading-657469f265ff67456 .uvc-sub-heading '  data-responsive-json-new='{\"font-size\":\"desktop:20px;mobile:18px;\",\"line-height\":\"desktop:35px;\"}'  style=\"font-weight:normal;margin-top:20px;\">Gr\u00e2ce \u00e0 l&rsquo;exp\u00e9rience et \u00e0 la passion pour les 2 roues et les moteurs, <em><strong>Rent Me Now!<\/strong> <\/em>est rapidement devenu une r\u00e9f\u00e9rence pour la location de scooters et de <strong>v\u00e9los<\/strong> <strong>location<\/strong>. Il a ensuite \u00e9largi sa flotte \u00e9galement \u00e0 la location de <strong>voitures<\/strong>, de <strong>bateaux<\/strong> et de <strong>radeaux<\/strong>. Rent Me Now! offre une plateforme de r\u00e9servation rapide et facile. Juste quelques \u00e9tapes pour compl\u00e9ter ta location de scooter et profiter de tes vacances. Si tu as des doutes, notre \u00e9quipe pourra te guider dans la proc\u00e9dure de location de scooter et te conseiller sur les meilleures destinations \u00e0 visiter \u00e0 Cefal\u00f9 et ses environs.<\/div><\/div>[\/vc_column][\/vc_row][vc_row][vc_column]<div id=\"ultimate-heading-304669f265ff6749e\" class=\"uvc-heading ult-adjust-bottom-margin ultimate-heading-304669f265ff6749e uvc-4461 \" data-hspacer=\"no_spacer\"  data-halign=\"center\" style=\"text-align:center\"><div class=\"uvc-heading-spacer no_spacer\" style=\"top\"><\/div><div class=\"uvc-main-heading ult-responsive\"  data-ultimate-target='.uvc-heading.ultimate-heading-304669f265ff6749e h2'  data-responsive-json-new='{\"font-size\":\"desktop:40px;mobile:25px;\",\"line-height\":\"\"}' ><h2 style=\"font-weight:bold;color:#b1e839;margin-bottom:20px;\">R\u00e9serve ton scooter maintenant !<\/h2><\/div><\/div>[vc_empty_space height=\u00a0\u00bb50px\u00a0\u00bb]<div class=\"pix_button button-center\"><a href=\"\/en\/#booking\"  class=\"clear btn  btn-solid btn-hover-outline btn-rectangle  btn-lg color btn-hover-color\">BOOK NOW<\/a><\/div>[\/vc_column][\/vc_row]<\/p>\n","protected":false},"excerpt":{"rendered":"<p>[vc_row full_width=\u00a0\u00bbstretch_row_content_no_spaces\u00a0\u00bb bg_type=\u00a0\u00bbimage\u00a0\u00bb bg_override=\u00a0\u00bbex-full\u00a0\u00bb css=\u00a0\u00bb.vc_custom_1620664216600{background-image: url(https:\/\/www.rentmenow.it\/wp-content\/uploads\/2021\/05\/kawasaky_versys650-noleggio-rentmenow.jpg?id=7902) !important;}\u00a0\u00bb][vc_column width=\u00a0\u00bb1\/2&Prime; css=\u00a0\u00bb.vc_custom_1620750110955{background-color: rgba(0,159,227,0.71) !important;*background-color: rgb(0,159,227) !important;}\u00a0\u00bb][vc_empty_space][\/vc_column][vc_column width=\u00a0\u00bb1\/2&Prime;][\/vc_column][\/vc_row][vc_row full_width=\u00a0\u00bbstretch_row\u00a0\u00bb bg_type=\u00a0\u00bbbg_color\u00a0\u00bb bg_override=\u00a0\u00bbfull\u00a0\u00bb css=\u00a0\u00bb.vc_custom_1620750145580{margin-top: 50px !important;margin-bottom: 0px !important;border-top-width: 0px !important;border-bottom-width: 0px !important;padding-top: 0px !important;padding-right: 20px !important;padding-bottom: 0px !important;padding-left: 20px !important;}\u00a0\u00bb bg_color_value=\u00a0\u00bb#ffffff\u00a0\u00bb][vc_column][\/vc_column][\/vc_row][vc_row full_width=\u00a0\u00bbstretch_row_content_no_spaces\u00a0\u00bb bg_type=\u00a0\u00bbimage\u00a0\u00bb parallax_style=\u00a0\u00bbvcpb-default\u00a0\u00bb bg_image_new=\u00a0\u00bbid^8035|url^https:\/\/www.rentmenow.it\/wp-content\/uploads\/2021\/05\/noleggio-scooter-cefalu-1.jpg|caption^null|alt^null|title^noleggio scooter&#8230;<\/p>\n","protected":false},"author":1,"featured_media":0,"parent":0,"menu_order":0,"comment_status":"closed","ping_status":"closed","template":"","meta":{"footnotes":""},"class_list":["post-8907","page","type-page","status-publish","hentry"],"yoast_head":"<!-- This site is optimized with the Yoast SEO plugin v27.5 - https:\/\/yoast.com\/product\/yoast-seo-wordpress\/ -->\n<title>Location de Scooter - RentMeNow! - Off Road<\/title>\n<meta name=\"description\" content=\"Gr\u00e2ce \u00e0 la passion pour les scooters et les motos, RentMeNow! est la meilleure location de scooters \u00e0 Cefal\u00f9 et ses environs. Loue le tien en toute s\u00e9curit\u00e9.\" \/>\n<meta name=\"robots\" content=\"index, follow, max-snippet:-1, max-image-preview:large, max-video-preview:-1\" \/>\n<link rel=\"canonical\" href=\"https:\/\/www.rentmenow.it\/fr\/location-de-scooter\/\" \/>\n<meta property=\"og:locale\" content=\"fr_FR\" \/>\n<meta property=\"og:type\" content=\"article\" \/>\n<meta property=\"og:title\" content=\"Location de Scooter - RentMeNow! - Off Road\" \/>\n<meta property=\"og:description\" content=\"Gr\u00e2ce \u00e0 la passion pour les scooters et les motos, RentMeNow! est la meilleure location de scooters \u00e0 Cefal\u00f9 et ses environs. Loue le tien en toute s\u00e9curit\u00e9.\" \/>\n<meta property=\"og:url\" content=\"https:\/\/www.rentmenow.it\/fr\/location-de-scooter\/\" \/>\n<meta property=\"og:site_name\" content=\"RentMeNow! - Off Road\" \/>\n<meta property=\"article:publisher\" content=\"https:\/\/www.facebook.com\/rentmenow.it\/\" \/>\n<meta property=\"article:modified_time\" content=\"2025-10-17T12:05:33+00:00\" \/>\n<meta name=\"twitter:card\" content=\"summary_large_image\" \/>\n<meta name=\"twitter:label1\" content=\"Dur\u00e9e de lecture estim\u00e9e\" \/>\n\t<meta name=\"twitter:data1\" content=\"4 minutes\" \/>\n<script type=\"application\/ld+json\" class=\"yoast-schema-graph\">{\"@context\":\"https:\\\/\\\/schema.org\",\"@graph\":[{\"@type\":\"WebPage\",\"@id\":\"https:\\\/\\\/www.rentmenow.it\\\/fr\\\/location-de-scooter\\\/\",\"url\":\"https:\\\/\\\/www.rentmenow.it\\\/fr\\\/location-de-scooter\\\/\",\"name\":\"Location de Scooter - RentMeNow! - Off Road\",\"isPartOf\":{\"@id\":\"https:\\\/\\\/www.rentmenow.it\\\/fr\\\/#website\"},\"datePublished\":\"2021-09-10T13:52:02+00:00\",\"dateModified\":\"2025-10-17T12:05:33+00:00\",\"description\":\"Gr\u00e2ce \u00e0 la passion pour les scooters et les motos, RentMeNow! est la meilleure location de scooters \u00e0 Cefal\u00f9 et ses environs. Loue le tien en toute s\u00e9curit\u00e9.\",\"breadcrumb\":{\"@id\":\"https:\\\/\\\/www.rentmenow.it\\\/fr\\\/location-de-scooter\\\/#breadcrumb\"},\"inLanguage\":\"fr-FR\",\"potentialAction\":[{\"@type\":\"ReadAction\",\"target\":[\"https:\\\/\\\/www.rentmenow.it\\\/fr\\\/location-de-scooter\\\/\"]}]},{\"@type\":\"BreadcrumbList\",\"@id\":\"https:\\\/\\\/www.rentmenow.it\\\/fr\\\/location-de-scooter\\\/#breadcrumb\",\"itemListElement\":[{\"@type\":\"ListItem\",\"position\":1,\"name\":\"Domicile\",\"item\":\"https:\\\/\\\/www.rentmenow.it\\\/fr\\\/accueil\\\/\"},{\"@type\":\"ListItem\",\"position\":2,\"name\":\"Location de Scooter\"}]},{\"@type\":\"WebSite\",\"@id\":\"https:\\\/\\\/www.rentmenow.it\\\/fr\\\/#website\",\"url\":\"https:\\\/\\\/www.rentmenow.it\\\/fr\\\/\",\"name\":\"RentMeNow! Noleggio scooter Cefal\u00f9\",\"description\":\"Noleggio scooter Cefal\u00f9\",\"publisher\":{\"@id\":\"https:\\\/\\\/www.rentmenow.it\\\/fr\\\/#organization\"},\"potentialAction\":[{\"@type\":\"SearchAction\",\"target\":{\"@type\":\"EntryPoint\",\"urlTemplate\":\"https:\\\/\\\/www.rentmenow.it\\\/fr\\\/?s={search_term_string}\"},\"query-input\":{\"@type\":\"PropertyValueSpecification\",\"valueRequired\":true,\"valueName\":\"search_term_string\"}}],\"inLanguage\":\"fr-FR\"},{\"@type\":\"Organization\",\"@id\":\"https:\\\/\\\/www.rentmenow.it\\\/fr\\\/#organization\",\"name\":\"Rent Me Now!\",\"url\":\"https:\\\/\\\/www.rentmenow.it\\\/fr\\\/\",\"logo\":{\"@type\":\"ImageObject\",\"inLanguage\":\"fr-FR\",\"@id\":\"https:\\\/\\\/www.rentmenow.it\\\/fr\\\/#\\\/schema\\\/logo\\\/image\\\/\",\"url\":\"https:\\\/\\\/www.rentmenow.it\\\/wp-content\\\/uploads\\\/2021\\\/07\\\/rentmenow_logo_small_Tavola-disegno-1.png\",\"contentUrl\":\"https:\\\/\\\/www.rentmenow.it\\\/wp-content\\\/uploads\\\/2021\\\/07\\\/rentmenow_logo_small_Tavola-disegno-1.png\",\"width\":315,\"height\":71,\"caption\":\"Rent Me Now!\"},\"image\":{\"@id\":\"https:\\\/\\\/www.rentmenow.it\\\/fr\\\/#\\\/schema\\\/logo\\\/image\\\/\"},\"sameAs\":[\"https:\\\/\\\/www.facebook.com\\\/rentmenow.it\\\/\"]}]}<\/script>\n<!-- \/ Yoast SEO plugin. -->","yoast_head_json":{"title":"Location de Scooter - RentMeNow! - Off Road","description":"Gr\u00e2ce \u00e0 la passion pour les scooters et les motos, RentMeNow! est la meilleure location de scooters \u00e0 Cefal\u00f9 et ses environs. Loue le tien en toute s\u00e9curit\u00e9.","robots":{"index":"index","follow":"follow","max-snippet":"max-snippet:-1","max-image-preview":"max-image-preview:large","max-video-preview":"max-video-preview:-1"},"canonical":"https:\/\/www.rentmenow.it\/fr\/location-de-scooter\/","og_locale":"fr_FR","og_type":"article","og_title":"Location de Scooter - RentMeNow! - Off Road","og_description":"Gr\u00e2ce \u00e0 la passion pour les scooters et les motos, RentMeNow! est la meilleure location de scooters \u00e0 Cefal\u00f9 et ses environs. Loue le tien en toute s\u00e9curit\u00e9.","og_url":"https:\/\/www.rentmenow.it\/fr\/location-de-scooter\/","og_site_name":"RentMeNow! - Off Road","article_publisher":"https:\/\/www.facebook.com\/rentmenow.it\/","article_modified_time":"2025-10-17T12:05:33+00:00","twitter_card":"summary_large_image","twitter_misc":{"Dur\u00e9e de lecture estim\u00e9e":"4 minutes"},"schema":{"@context":"https:\/\/schema.org","@graph":[{"@type":"WebPage","@id":"https:\/\/www.rentmenow.it\/fr\/location-de-scooter\/","url":"https:\/\/www.rentmenow.it\/fr\/location-de-scooter\/","name":"Location de Scooter - RentMeNow! - Off Road","isPartOf":{"@id":"https:\/\/www.rentmenow.it\/fr\/#website"},"datePublished":"2021-09-10T13:52:02+00:00","dateModified":"2025-10-17T12:05:33+00:00","description":"Gr\u00e2ce \u00e0 la passion pour les scooters et les motos, RentMeNow! est la meilleure location de scooters \u00e0 Cefal\u00f9 et ses environs. Loue le tien en toute s\u00e9curit\u00e9.","breadcrumb":{"@id":"https:\/\/www.rentmenow.it\/fr\/location-de-scooter\/#breadcrumb"},"inLanguage":"fr-FR","potentialAction":[{"@type":"ReadAction","target":["https:\/\/www.rentmenow.it\/fr\/location-de-scooter\/"]}]},{"@type":"BreadcrumbList","@id":"https:\/\/www.rentmenow.it\/fr\/location-de-scooter\/#breadcrumb","itemListElement":[{"@type":"ListItem","position":1,"name":"Domicile","item":"https:\/\/www.rentmenow.it\/fr\/accueil\/"},{"@type":"ListItem","position":2,"name":"Location de Scooter"}]},{"@type":"WebSite","@id":"https:\/\/www.rentmenow.it\/fr\/#website","url":"https:\/\/www.rentmenow.it\/fr\/","name":"RentMeNow! Noleggio scooter Cefal\u00f9","description":"Noleggio scooter Cefal\u00f9","publisher":{"@id":"https:\/\/www.rentmenow.it\/fr\/#organization"},"potentialAction":[{"@type":"SearchAction","target":{"@type":"EntryPoint","urlTemplate":"https:\/\/www.rentmenow.it\/fr\/?s={search_term_string}"},"query-input":{"@type":"PropertyValueSpecification","valueRequired":true,"valueName":"search_term_string"}}],"inLanguage":"fr-FR"},{"@type":"Organization","@id":"https:\/\/www.rentmenow.it\/fr\/#organization","name":"Rent Me Now!","url":"https:\/\/www.rentmenow.it\/fr\/","logo":{"@type":"ImageObject","inLanguage":"fr-FR","@id":"https:\/\/www.rentmenow.it\/fr\/#\/schema\/logo\/image\/","url":"https:\/\/www.rentmenow.it\/wp-content\/uploads\/2021\/07\/rentmenow_logo_small_Tavola-disegno-1.png","contentUrl":"https:\/\/www.rentmenow.it\/wp-content\/uploads\/2021\/07\/rentmenow_logo_small_Tavola-disegno-1.png","width":315,"height":71,"caption":"Rent Me Now!"},"image":{"@id":"https:\/\/www.rentmenow.it\/fr\/#\/schema\/logo\/image\/"},"sameAs":["https:\/\/www.facebook.com\/rentmenow.it\/"]}]}},"_links":{"self":[{"href":"https:\/\/www.rentmenow.it\/fr\/wp-json\/wp\/v2\/pages\/8907","targetHints":{"allow":["GET"]}}],"collection":[{"href":"https:\/\/www.rentmenow.it\/fr\/wp-json\/wp\/v2\/pages"}],"about":[{"href":"https:\/\/www.rentmenow.it\/fr\/wp-json\/wp\/v2\/types\/page"}],"author":[{"embeddable":true,"href":"https:\/\/www.rentmenow.it\/fr\/wp-json\/wp\/v2\/users\/1"}],"replies":[{"embeddable":true,"href":"https:\/\/www.rentmenow.it\/fr\/wp-json\/wp\/v2\/comments?post=8907"}],"version-history":[{"count":2,"href":"https:\/\/www.rentmenow.it\/fr\/wp-json\/wp\/v2\/pages\/8907\/revisions"}],"predecessor-version":[{"id":8913,"href":"https:\/\/www.rentmenow.it\/fr\/wp-json\/wp\/v2\/pages\/8907\/revisions\/8913"}],"wp:attachment":[{"href":"https:\/\/www.rentmenow.it\/fr\/wp-json\/wp\/v2\/media?parent=8907"}],"curies":[{"name":"wp","href":"https:\/\/api.w.org\/{rel}","templated":true}]}}