{"id":8893,"date":"2021-06-22T13:11:13","date_gmt":"2021-06-22T13:11:13","guid":{"rendered":"https:\/\/www.rentmenow.it\/politique-de-cookies-location-de-scooters-a-cefalu\/"},"modified":"2021-06-22T13:11:13","modified_gmt":"2021-06-22T13:11:13","slug":"politique-de-cookies-location-de-scooters-a-cefalu","status":"publish","type":"page","link":"https:\/\/www.rentmenow.it\/fr\/politique-de-cookies-location-de-scooters-a-cefalu\/","title":{"rendered":"Politique de cookies | Location de scooters \u00e0 Cefal\u00f9"},"content":{"rendered":"<p class=\"western\">Politique de cookies<\/p>\n<p class=\"western\">INFORMATIONS SUR LES COOKIES<\/p>\n<p class=\"western\">Qu&rsquo;est-ce qu&rsquo;un cookie et \u00e0 quoi sert-il<\/p>\n<p class=\"western\">En informatique, les cookies HTTP (plus commun\u00e9ment appel\u00e9s cookies Web, cookies de suivi ou simplement cookies) sont de petits fichiers texte que les sites visit\u00e9s par les utilisateurs envoient \u00e0 leurs terminaux, o\u00f9 ils sont stock\u00e9s pour \u00eatre ensuite retransmis aux m\u00eames sites lors de la visite suivante. Les cookies sont utilis\u00e9s \u00e0 diff\u00e9rentes fins : ex\u00e9cution d&rsquo;authentifications informatiques, suivi de sessions, stockage d&rsquo;informations sur des configurations sp\u00e9cifiques concernant les utilisateurs acc\u00e9dant au serveur, m\u00e9morisation des pr\u00e9f\u00e9rences, etc. <\/p>\n<p class=\"western\">Utilisation des cookies<\/p>\n<p>Le site utilise des cookies pour rendre ses services simples et efficaces pour les utilisateurs qui consultent les pages du site.<\/p>\n<p>Les utilisateurs qui consultent le site verront des quantit\u00e9s minimales d&rsquo;informations ins\u00e9r\u00e9es dans les appareils en cours d&rsquo;utilisation, qu&rsquo;il s&rsquo;agisse d&rsquo;ordinateurs ou d&rsquo;appareils mobiles, dans de petits fichiers texte appel\u00e9s \u00ab\u00a0cookies\u00a0\u00bb sauvegard\u00e9s dans les r\u00e9pertoires utilis\u00e9s par le navigateur Web de l&rsquo;utilisateur.<\/p>\n<p>En d\u00e9sactivant les cookies, certains de nos services pourraient ne pas fonctionner correctement et certaines pages ne s&rsquo;afficheront pas correctement.<\/p>\n<p>Il existe diff\u00e9rents types de cookies, certains pour rendre l&rsquo;utilisation du site plus efficace, d&rsquo;autres pour activer certaines fonctionnalit\u00e9s.<\/p>\n<p>TYPES DE COOKIES UTILIS\u00c9S PAR NOTRE SITE<\/p>\n<p class=\"western\">Cookies de navigation<\/p>\n<p>Ces cookies permettent au site de fonctionner correctement et sont utilis\u00e9s pour recueillir des informations sur la fa\u00e7on dont les visiteurs utilisent le site. Cette information est utilis\u00e9e pour compiler des rapports et nous aider \u00e0 am\u00e9liorer le site. Les cookies recueillent des informations de mani\u00e8re anonyme, y compris le nombre de visiteurs du site, d&rsquo;o\u00f9 les visiteurs sont venus et les pages qu&rsquo;ils ont visit\u00e9es.  <\/p>\n<p class=\"western\">Cookies analytiques<\/p>\n<p>Ces cookies sont utilis\u00e9s par exemple par Google Analytics pour \u00e9laborer des analyses statistiques sur les modes de navigation des utilisateurs sur le site via les ordinateurs ou les applications mobiles, sur le nombre de pages visit\u00e9es ou le nombre de clics effectu\u00e9s sur une page pendant la navigation d&rsquo;un site.<\/p>\n<p class=\"western\">Cookies tiers<\/p>\n<p>Ces cookies sont utilis\u00e9s par des soci\u00e9t\u00e9s tierces. L&rsquo;utilisation de ces cookies n&rsquo;implique normalement pas le traitement de donn\u00e9es personnelles. Les cookies tiers proviennent d&rsquo;annonces d&rsquo;autres sites, par exemple des messages publicitaires, pr\u00e9sents sur le site Web affich\u00e9. Ils peuvent \u00eatre utilis\u00e9s pour enregistrer l&rsquo;utilisation du site Web \u00e0 des fins marketing.   <\/p>\n<p class=\"western\">Comment modifier les param\u00e8tres des cookies<\/p>\n<p>Les param\u00e8tres pour g\u00e9rer ou d\u00e9sactiver les cookies peuvent varier en fonction du navigateur Web utilis\u00e9. Par cons\u00e9quent, pour obtenir plus d&rsquo;informations sur la fa\u00e7on d&rsquo;effectuer ces op\u00e9rations, nous sugg\u00e9rons \u00e0 l&rsquo;utilisateur de consulter le manuel de son appareil ou la fonction \u00ab\u00a0Aide\u00a0\u00bb ou \u00ab\u00a0Help\u00a0\u00bb de son navigateur Web.<\/p>\n<p>Ci-dessous, nous indiquons aux utilisateurs les liens qui expliquent comment g\u00e9rer ou d\u00e9sactiver les cookies pour les navigateurs Web les plus courants :<\/p>\n<p>\u2013 Internet Explorer : <u><a href=\"https:\/\/windows.microsoft.com\/it-IT\/internet-explorer\/delete-manage-cookies\" target=\"_blank\" rel=\"noopener\">https:\/\/windows.microsoft.com\/fr-FR\/internet-explorer\/delete-manage-cookies<\/a><\/u><br \/>\n\u2013 Google Chrome : <u><a href=\"https:\/\/support.1d5920f4b44b27a802bd77c4f0536f5a-gdprlock\/chrome\/answer\/95647\" target=\"_blank\" rel=\"noopener\">https:\/\/support.1d5920f4b44b27a802bd77c4f0536f5a-gdprlock\/chrome\/answer\/95647<\/a><\/u><br \/>\n\u2013 Mozilla Firefox : <u><a href=\"https:\/\/support.mozilla.org\/it\/kb\/Gestione%20dei%20cookie\" target=\"_blank\" rel=\"noopener\">https:\/\/support.mozilla.org\/fr\/kb\/protection-renforcee-contre-pistage-firefox-ordinateur<\/a><\/u><br \/>\n\u2013 Opera : <u><a href=\"https:\/\/help.opera.com\/en\/latest\/web-preferences\/#cookies\" target=\"_blank\" rel=\"noopener\">https:\/\/help.opera.com\/en\/latest\/web-preferences\/#cookies<\/a><\/u><br \/>\n\u2013 Safari : <u><a href=\"https:\/\/support.apple.com\/kb\/PH19255?locale=it_IT\" target=\"_blank\" rel=\"noopener\">https:\/\/support.apple.com\/fr-fr\/guide\/safari\/sfri11471\/mac<\/a><\/u><\/p>\n<p>Il est \u00e9galement possible de supprimer les cookies en utilisant l&rsquo;un des nombreux \u00ab\u00a0nettoyeurs\u00a0\u00bb tiers, tels que CCleaner.<\/p>\n<p>Une fois la suppression des cookies effectu\u00e9e, il est normal que le navigateur et les diff\u00e9rents sites Web se pr\u00e9sentent \u00e0 nouveau avec des demandes de personnalisation : cela est d\u00fb, justement, au nettoyage effectu\u00e9.<\/p>\n<p class=\"western\">Cookies tiers<\/p>\n<p>Des cookies tiers pourront \u00eatre install\u00e9s : il s&rsquo;agit de cookies analytiques et de profilage, tels que Google Analytics, Matomo<\/p>\n<p>Ces cookies sont envoy\u00e9s par les sites Internet de ces tiers externes \u00e0 notre site. Les cookies analytiques tiers sont utilis\u00e9s pour collecter des informations sur le comportement des utilisateurs sur le site. La collecte se fait de mani\u00e8re anonyme, afin de surveiller les performances et d&rsquo;am\u00e9liorer l&rsquo;utilisabilit\u00e9 du site. Les cookies de profilage tiers sont utilis\u00e9s pour cr\u00e9er des profils relatifs aux utilisateurs, afin de proposer des messages publicitaires conformes aux choix exprim\u00e9s par les utilisateurs eux-m\u00eames.<br \/>\nL&rsquo;utilisation de ces cookies est r\u00e9gie par les r\u00e8gles \u00e9tablies par les tiers eux-m\u00eames. Par cons\u00e9quent, nous invitons les utilisateurs \u00e0 consulter les politiques de confidentialit\u00e9 et les indications pour g\u00e9rer ou d\u00e9sactiver les cookies publi\u00e9es sur les pages Web suivantes :   <\/p>\n<p>Pour les cookies de Google Analytics :<br \/>\n\u2013 politique de confidentialit\u00e9 : <u><a href=\"https:\/\/www.1d5920f4b44b27a802bd77c4f0536f5a-gdprlock\/intl\/it\/policies\/privacy\/\" target=\"_blank\" rel=\"noopener\">https:\/\/www.1d5920f4b44b27a802bd77c4f0536f5a-gdprlock\/intl\/fr\/policies\/privacy\/<\/a><\/u><br \/>\n\u2013 indications pour g\u00e9rer ou d\u00e9sactiver les cookies : <u><a href=\"https:\/\/support.1d5920f4b44b27a802bd77c4f0536f5a-gdprlock\/accounts\/answer\/61416?hl=it\" target=\"_blank\" rel=\"noopener\">https:\/\/support.1d5920f4b44b27a802bd77c4f0536f5a-gdprlock\/accounts\/answer\/61416?hl=fr<\/a><\/u><\/p>\n<p><a name=\"_GoBack\"><\/a>Pour les cookies de Matomo :<\/p>\n<p>\u2013 politique de confidentialit\u00e9 : <u><a href=\"https:\/\/matomo.org\/privacy-policy\/\" target=\"_blank\" rel=\"noopener\">https:\/\/matomo.org\/privacy-policy\/<\/a><\/u><\/p>\n<p class=\"western\">Pour plus d&rsquo;informations<\/p>\n<p>Pour obtenir plus d&rsquo;informations, demander la liste compl\u00e8te des droits de la personne concern\u00e9e et pour exercer les droits \u00e9tablis par le R\u00e8glement Europ\u00e9en, tu peux \u00e9crire au Responsable du traitement, \u00e0 l&rsquo;adresse e-mail suivante<\/p>\n<p class=\"aio-icon-title ult-responsive\" data-ultimate-target=\"#Info-box-wrap-5785 .aio-icon-title\" data-responsive-json-new=\"{\"font-size\":\"\",\"line-height\":\"\"}\"><a href=\"mailto:info@rentmenow.it\">info@rentmenow.it<\/a><\/p>\n","protected":false},"excerpt":{"rendered":"<p>Politique de cookies INFORMATIONS SUR LES COOKIES Qu&rsquo;est-ce qu&rsquo;un cookie et \u00e0 quoi sert-il En informatique, les cookies HTTP (plus commun\u00e9ment appel\u00e9s cookies Web, cookies de suivi ou simplement cookies) sont de petits fichiers texte que les sites visit\u00e9s par&#8230;<\/p>\n","protected":false},"author":1,"featured_media":0,"parent":0,"menu_order":0,"comment_status":"closed","ping_status":"closed","template":"","meta":{"footnotes":""},"class_list":["post-8893","page","type-page","status-publish","hentry"],"yoast_head":"<!-- This site is optimized with the Yoast SEO plugin v27.5 - https:\/\/yoast.com\/product\/yoast-seo-wordpress\/ -->\n<title>Politique de cookies | Location de scooters \u00e0 Cefal\u00f9 - RentMeNow! - Off Road<\/title>\n<meta name=\"description\" content=\"Loue ton scooter \u00e0 Cefal\u00f9. Contacte-nous ou r\u00e9serve maintenant le scooter qui te fera d\u00e9couvrir les merveilles de Palerme. Lis les infos sur les cookies\" \/>\n<meta name=\"robots\" content=\"index, follow, max-snippet:-1, max-image-preview:large, max-video-preview:-1\" \/>\n<link rel=\"canonical\" href=\"https:\/\/www.rentmenow.it\/fr\/politique-de-cookies-location-de-scooters-a-cefalu\/\" \/>\n<meta property=\"og:locale\" content=\"fr_FR\" \/>\n<meta property=\"og:type\" content=\"article\" \/>\n<meta property=\"og:title\" content=\"Politique de cookies | Location de scooters \u00e0 Cefal\u00f9 - RentMeNow! - Off Road\" \/>\n<meta property=\"og:description\" content=\"Loue ton scooter \u00e0 Cefal\u00f9. Contacte-nous ou r\u00e9serve maintenant le scooter qui te fera d\u00e9couvrir les merveilles de Palerme. Lis les infos sur les cookies\" \/>\n<meta property=\"og:url\" content=\"https:\/\/www.rentmenow.it\/fr\/politique-de-cookies-location-de-scooters-a-cefalu\/\" \/>\n<meta property=\"og:site_name\" content=\"RentMeNow! - Off Road\" \/>\n<meta property=\"article:publisher\" content=\"https:\/\/www.facebook.com\/rentmenow.it\/\" \/>\n<meta name=\"twitter:card\" content=\"summary_large_image\" \/>\n<meta name=\"twitter:label1\" content=\"Dur\u00e9e de lecture estim\u00e9e\" \/>\n\t<meta name=\"twitter:data1\" content=\"4 minutes\" \/>\n<script type=\"application\/ld+json\" class=\"yoast-schema-graph\">{\"@context\":\"https:\\\/\\\/schema.org\",\"@graph\":[{\"@type\":\"WebPage\",\"@id\":\"https:\\\/\\\/www.rentmenow.it\\\/fr\\\/politique-de-cookies-location-de-scooters-a-cefalu\\\/\",\"url\":\"https:\\\/\\\/www.rentmenow.it\\\/fr\\\/politique-de-cookies-location-de-scooters-a-cefalu\\\/\",\"name\":\"Politique de cookies | Location de scooters \u00e0 Cefal\u00f9 - RentMeNow! - Off Road\",\"isPartOf\":{\"@id\":\"https:\\\/\\\/www.rentmenow.it\\\/fr\\\/#website\"},\"datePublished\":\"2021-06-22T13:11:13+00:00\",\"description\":\"Loue ton scooter \u00e0 Cefal\u00f9. Contacte-nous ou r\u00e9serve maintenant le scooter qui te fera d\u00e9couvrir les merveilles de Palerme. Lis les infos sur les cookies\",\"breadcrumb\":{\"@id\":\"https:\\\/\\\/www.rentmenow.it\\\/fr\\\/politique-de-cookies-location-de-scooters-a-cefalu\\\/#breadcrumb\"},\"inLanguage\":\"fr-FR\",\"potentialAction\":[{\"@type\":\"ReadAction\",\"target\":[\"https:\\\/\\\/www.rentmenow.it\\\/fr\\\/politique-de-cookies-location-de-scooters-a-cefalu\\\/\"]}]},{\"@type\":\"BreadcrumbList\",\"@id\":\"https:\\\/\\\/www.rentmenow.it\\\/fr\\\/politique-de-cookies-location-de-scooters-a-cefalu\\\/#breadcrumb\",\"itemListElement\":[{\"@type\":\"ListItem\",\"position\":1,\"name\":\"Domicile\",\"item\":\"https:\\\/\\\/www.rentmenow.it\\\/fr\\\/accueil\\\/\"},{\"@type\":\"ListItem\",\"position\":2,\"name\":\"Politique de cookies | Location de scooters \u00e0 Cefal\u00f9\"}]},{\"@type\":\"WebSite\",\"@id\":\"https:\\\/\\\/www.rentmenow.it\\\/fr\\\/#website\",\"url\":\"https:\\\/\\\/www.rentmenow.it\\\/fr\\\/\",\"name\":\"RentMeNow! Noleggio scooter Cefal\u00f9\",\"description\":\"Noleggio scooter Cefal\u00f9\",\"publisher\":{\"@id\":\"https:\\\/\\\/www.rentmenow.it\\\/fr\\\/#organization\"},\"potentialAction\":[{\"@type\":\"SearchAction\",\"target\":{\"@type\":\"EntryPoint\",\"urlTemplate\":\"https:\\\/\\\/www.rentmenow.it\\\/fr\\\/?s={search_term_string}\"},\"query-input\":{\"@type\":\"PropertyValueSpecification\",\"valueRequired\":true,\"valueName\":\"search_term_string\"}}],\"inLanguage\":\"fr-FR\"},{\"@type\":\"Organization\",\"@id\":\"https:\\\/\\\/www.rentmenow.it\\\/fr\\\/#organization\",\"name\":\"Rent Me Now!\",\"url\":\"https:\\\/\\\/www.rentmenow.it\\\/fr\\\/\",\"logo\":{\"@type\":\"ImageObject\",\"inLanguage\":\"fr-FR\",\"@id\":\"https:\\\/\\\/www.rentmenow.it\\\/fr\\\/#\\\/schema\\\/logo\\\/image\\\/\",\"url\":\"https:\\\/\\\/www.rentmenow.it\\\/wp-content\\\/uploads\\\/2021\\\/07\\\/rentmenow_logo_small_Tavola-disegno-1.png\",\"contentUrl\":\"https:\\\/\\\/www.rentmenow.it\\\/wp-content\\\/uploads\\\/2021\\\/07\\\/rentmenow_logo_small_Tavola-disegno-1.png\",\"width\":315,\"height\":71,\"caption\":\"Rent Me Now!\"},\"image\":{\"@id\":\"https:\\\/\\\/www.rentmenow.it\\\/fr\\\/#\\\/schema\\\/logo\\\/image\\\/\"},\"sameAs\":[\"https:\\\/\\\/www.facebook.com\\\/rentmenow.it\\\/\"]}]}<\/script>\n<!-- \/ Yoast SEO plugin. -->","yoast_head_json":{"title":"Politique de cookies | Location de scooters \u00e0 Cefal\u00f9 - RentMeNow! - Off Road","description":"Loue ton scooter \u00e0 Cefal\u00f9. Contacte-nous ou r\u00e9serve maintenant le scooter qui te fera d\u00e9couvrir les merveilles de Palerme. Lis les infos sur les cookies","robots":{"index":"index","follow":"follow","max-snippet":"max-snippet:-1","max-image-preview":"max-image-preview:large","max-video-preview":"max-video-preview:-1"},"canonical":"https:\/\/www.rentmenow.it\/fr\/politique-de-cookies-location-de-scooters-a-cefalu\/","og_locale":"fr_FR","og_type":"article","og_title":"Politique de cookies | Location de scooters \u00e0 Cefal\u00f9 - RentMeNow! - Off Road","og_description":"Loue ton scooter \u00e0 Cefal\u00f9. Contacte-nous ou r\u00e9serve maintenant le scooter qui te fera d\u00e9couvrir les merveilles de Palerme. Lis les infos sur les cookies","og_url":"https:\/\/www.rentmenow.it\/fr\/politique-de-cookies-location-de-scooters-a-cefalu\/","og_site_name":"RentMeNow! - Off Road","article_publisher":"https:\/\/www.facebook.com\/rentmenow.it\/","twitter_card":"summary_large_image","twitter_misc":{"Dur\u00e9e de lecture estim\u00e9e":"4 minutes"},"schema":{"@context":"https:\/\/schema.org","@graph":[{"@type":"WebPage","@id":"https:\/\/www.rentmenow.it\/fr\/politique-de-cookies-location-de-scooters-a-cefalu\/","url":"https:\/\/www.rentmenow.it\/fr\/politique-de-cookies-location-de-scooters-a-cefalu\/","name":"Politique de cookies | Location de scooters \u00e0 Cefal\u00f9 - RentMeNow! - Off Road","isPartOf":{"@id":"https:\/\/www.rentmenow.it\/fr\/#website"},"datePublished":"2021-06-22T13:11:13+00:00","description":"Loue ton scooter \u00e0 Cefal\u00f9. Contacte-nous ou r\u00e9serve maintenant le scooter qui te fera d\u00e9couvrir les merveilles de Palerme. Lis les infos sur les cookies","breadcrumb":{"@id":"https:\/\/www.rentmenow.it\/fr\/politique-de-cookies-location-de-scooters-a-cefalu\/#breadcrumb"},"inLanguage":"fr-FR","potentialAction":[{"@type":"ReadAction","target":["https:\/\/www.rentmenow.it\/fr\/politique-de-cookies-location-de-scooters-a-cefalu\/"]}]},{"@type":"BreadcrumbList","@id":"https:\/\/www.rentmenow.it\/fr\/politique-de-cookies-location-de-scooters-a-cefalu\/#breadcrumb","itemListElement":[{"@type":"ListItem","position":1,"name":"Domicile","item":"https:\/\/www.rentmenow.it\/fr\/accueil\/"},{"@type":"ListItem","position":2,"name":"Politique de cookies | Location de scooters \u00e0 Cefal\u00f9"}]},{"@type":"WebSite","@id":"https:\/\/www.rentmenow.it\/fr\/#website","url":"https:\/\/www.rentmenow.it\/fr\/","name":"RentMeNow! Noleggio scooter Cefal\u00f9","description":"Noleggio scooter Cefal\u00f9","publisher":{"@id":"https:\/\/www.rentmenow.it\/fr\/#organization"},"potentialAction":[{"@type":"SearchAction","target":{"@type":"EntryPoint","urlTemplate":"https:\/\/www.rentmenow.it\/fr\/?s={search_term_string}"},"query-input":{"@type":"PropertyValueSpecification","valueRequired":true,"valueName":"search_term_string"}}],"inLanguage":"fr-FR"},{"@type":"Organization","@id":"https:\/\/www.rentmenow.it\/fr\/#organization","name":"Rent Me Now!","url":"https:\/\/www.rentmenow.it\/fr\/","logo":{"@type":"ImageObject","inLanguage":"fr-FR","@id":"https:\/\/www.rentmenow.it\/fr\/#\/schema\/logo\/image\/","url":"https:\/\/www.rentmenow.it\/wp-content\/uploads\/2021\/07\/rentmenow_logo_small_Tavola-disegno-1.png","contentUrl":"https:\/\/www.rentmenow.it\/wp-content\/uploads\/2021\/07\/rentmenow_logo_small_Tavola-disegno-1.png","width":315,"height":71,"caption":"Rent Me Now!"},"image":{"@id":"https:\/\/www.rentmenow.it\/fr\/#\/schema\/logo\/image\/"},"sameAs":["https:\/\/www.facebook.com\/rentmenow.it\/"]}]}},"_links":{"self":[{"href":"https:\/\/www.rentmenow.it\/fr\/wp-json\/wp\/v2\/pages\/8893","targetHints":{"allow":["GET"]}}],"collection":[{"href":"https:\/\/www.rentmenow.it\/fr\/wp-json\/wp\/v2\/pages"}],"about":[{"href":"https:\/\/www.rentmenow.it\/fr\/wp-json\/wp\/v2\/types\/page"}],"author":[{"embeddable":true,"href":"https:\/\/www.rentmenow.it\/fr\/wp-json\/wp\/v2\/users\/1"}],"replies":[{"embeddable":true,"href":"https:\/\/www.rentmenow.it\/fr\/wp-json\/wp\/v2\/comments?post=8893"}],"version-history":[{"count":0,"href":"https:\/\/www.rentmenow.it\/fr\/wp-json\/wp\/v2\/pages\/8893\/revisions"}],"wp:attachment":[{"href":"https:\/\/www.rentmenow.it\/fr\/wp-json\/wp\/v2\/media?parent=8893"}],"curies":[{"name":"wp","href":"https:\/\/api.w.org\/{rel}","templated":true}]}}