{"id":8888,"date":"2021-09-09T14:55:01","date_gmt":"2021-09-09T14:55:01","guid":{"rendered":"https:\/\/www.rentmenow.it\/location-a-cefalu-scooter-velo-et-moto\/"},"modified":"2025-10-17T12:04:48","modified_gmt":"2025-10-17T12:04:48","slug":"location-a-cefalu-scooter-velo-et-moto","status":"publish","type":"page","link":"https:\/\/www.rentmenow.it\/fr\/location-a-cefalu-scooter-velo-et-moto\/","title":{"rendered":"Location \u00e0 Cefal\u00f9 | Scooter v\u00e9lo et moto"},"content":{"rendered":"<p>[vc_row full_width=\u00a0\u00bbstretch_row_content\u00a0\u00bb full_height=\u00a0\u00bbyes\u00a0\u00bb content_placement=\u00a0\u00bbmiddle\u00a0\u00bb bg_type=\u00a0\u00bbimage\u00a0\u00bb parallax_style=\u00a0\u00bbvcpb-default\u00a0\u00bb bg_image_new=\u00a0\u00bbid^7862|url^https:\/\/www.rentmenow.it\/wp-content\/uploads\/2021\/05\/vista-cefalu-noleggio-scooter.jpg|caption^null|alt^null|title^vista-cefalu-noleggio-scooter|description^null\u00a0\u00bb bg_override=\u00a0\u00bbfull\u00a0\u00bb css=\u00a0\u00bb.vc_custom_1620211648562{margin-top: 0px !important;border-top-width: 0px !important;padding-top: 0px !important;}\u00a0\u00bb][vc_column width=\u00a0\u00bb1\/2&Prime; css=\u00a0\u00bb.vc_custom_1625836196932{margin-right: 0px !important;margin-left: 0px !important;border-right-width: 0px !important;border-left-width: 0px !important;padding-top: 50px !important;padding-right: 6% !important;padding-left: 6% !important;}\u00a0\u00bb][vc_column_text el_id=\u00a0\u00bbbooking\u00a0\u00bb]No results page set in current language[\/vc_column_text][\/vc_column][vc_column width=\u00a0\u00bb1\/2&Prime; css=\u00a0\u00bb.vc_custom_1620123643630{background-color: rgba(0,159,227,0.71) !important;*background-color: rgb(0,159,227) !important;}\u00a0\u00bb][vc_empty_space]<div id=\"ultimate-heading-937869d09cd1727e1\" class=\"uvc-heading ult-adjust-bottom-margin ultimate-heading-937869d09cd1727e1 uvc-9989 \" data-hspacer=\"no_spacer\"  data-halign=\"center\" style=\"text-align:center\"><div class=\"uvc-heading-spacer no_spacer\" style=\"top\"><\/div><div class=\"uvc-main-heading ult-responsive\"  data-ultimate-target='.uvc-heading.ultimate-heading-937869d09cd1727e1 h2'  data-responsive-json-new='{\"font-size\":\"desktop:70px;\",\"line-height\":\"\"}' ><h2 style=\"font-weight:bold;color:#ffffff;\">Rent Me Now!<\/h2><\/div><div class=\"uvc-sub-heading ult-responsive\"  data-ultimate-target='.uvc-heading.ultimate-heading-937869d09cd1727e1 .uvc-sub-heading '  data-responsive-json-new='{\"font-size\":\"desktop:36px;\",\"line-height\":\"\"}'  style=\"font-weight:bold;color:#ffffff;\">Location de Scooter, V\u00e9lo et Voiture \u00e0 <strong><span style=\"color: #ff6600;\">Cefal\u00f9<\/span><\/strong><\/div><\/div>[vc_empty_space][vc_empty_space][vc_empty_space][\/vc_column][\/vc_row][vc_row full_width=\u00a0\u00bbstretch_row\u00a0\u00bb bg_type=\u00a0\u00bbbg_color\u00a0\u00bb bg_override=\u00a0\u00bbfull\u00a0\u00bb css=\u00a0\u00bb.vc_custom_1620224017910{padding-top: 85px !important;padding-right: 20px !important;padding-bottom: 15px !important;padding-left: 20px !important;}\u00a0\u00bb bg_color_value=\u00a0\u00bb#ffffff\u00a0\u00bb][vc_column][vc_row_inner][vc_column_inner][vc_text_separator title=\u00a0\u00bbLes permis de conduire non europ\u00e9ens ne sont valides que s&apos;ils sont accompagn\u00e9s d&apos;un permis de conduire international (PCI) ou d&apos;une traduction officielle en italien. Nous n&apos;acceptons pas les permis de conduire provisoires. \u00a0\u00bb i_icon_fontawesome=\u00a0\u00bbfas fa-exclamation-triangle\u00a0\u00bb add_icon=\u00a0\u00bbtrue\u00a0\u00bb css=\u00a0\u00bb.vc_custom_1754036933892{background-color: #eeee22 !important;}\u00a0\u00bb][vc_column_text]<\/p>\n<div class=\"vc_row wpb_row vc_inner vc_row-fluid\" style=\"text-align: center;\">\n<div class=\"wpb_column vc_column_container vc_col-sm-12\">\n<div class=\"vc_column-inner\">\n<div class=\"wpb_wrapper\">\n<div class=\"wpb_text_column wpb_content_element \">\n<div class=\"wpb_wrapper\">\n<h1>Aucune caution requise. Seule une carte de cr\u00e9dit\/d\u00e9bit sera demand\u00e9e en garantie <\/h1>\n<\/div>\n<\/div>\n<\/div>\n<\/div>\n<\/div>\n<\/div>\n<p>[\/vc_column_text][\/vc_column_inner][\/vc_row_inner]<div id=\"ultimate-heading-570469d09cd172891\" class=\"uvc-heading ult-adjust-bottom-margin ultimate-heading-570469d09cd172891 uvc-964 \" data-hspacer=\"no_spacer\"  data-halign=\"left\" style=\"text-align:left\"><div class=\"uvc-heading-spacer no_spacer\" style=\"top\"><\/div><div class=\"uvc-main-heading ult-responsive\"  data-ultimate-target='.uvc-heading.ultimate-heading-570469d09cd172891 h2'  data-responsive-json-new='{\"font-size\":\"desktop:40px;mobile:25px;\",\"line-height\":\"\"}' ><h2 style=\"font-weight:bold;color:#b1e839;margin-bottom:20px;\">Rent me now! t&apos;offre le meilleur service de location de scooter pour tes vacances.<\/h2><\/div><div class=\"uvc-sub-heading ult-responsive\"  data-ultimate-target='.uvc-heading.ultimate-heading-570469d09cd172891 .uvc-sub-heading '  data-responsive-json-new='{\"font-size\":\"desktop:25px;mobile:18px;\",\"line-height\":\"desktop:35px;\"}'  style=\"font-weight:normal;margin-top:20px;\">Que tu veuilles <strong>louer un scooter<\/strong> pour te d\u00e9placer facilement dans la circulation, sans recherches de stationnement longues et \u00e9puisantes, ou pour explorer les environs de <strong>Palerme<\/strong>, <em>Rent me now!<\/em> a la meilleure solution pour toi.<\/div><\/div>[\/vc_column][\/vc_row][vc_row full_width=\u00a0\u00bbstretch_row_content_no_spaces\u00a0\u00bb css=\u00a0\u00bb.vc_custom_1620225089525{margin-bottom: 0px !important;border-bottom-width: 0px !important;padding-top: 70px !important;padding-bottom: 0px !important;}\u00a0\u00bb][vc_column css_animation=\u00a0\u00bbnone\u00a0\u00bb width=\u00a0\u00bb1\/3&Prime; css=\u00a0\u00bb.vc_custom_1620223837715{margin-bottom: 0px !important;border-bottom-width: 0px !important;padding-bottom: 0px !important;}\u00a0\u00bb][vc_single_image image=\u00a0\u00bb7919&Prime; img_size=\u00a0\u00bbfull\u00a0\u00bb css_animation=\u00a0\u00bbflipInX\u00a0\u00bb css=\u00a0\u00bb.vc_custom_1620224412280{margin-bottom: 0px !important;border-bottom-width: 0px !important;padding-bottom: 0px !important;}\u00a0\u00bb][\/vc_column][vc_column css_animation=\u00a0\u00bbnone\u00a0\u00bb width=\u00a0\u00bb1\/3&Prime; css=\u00a0\u00bb.vc_custom_1620224071598{margin-bottom: 0px !important;border-bottom-width: 0px !important;padding-bottom: 0px !important;}\u00a0\u00bb][vc_single_image image=\u00a0\u00bb7923&Prime; img_size=\u00a0\u00bbfull\u00a0\u00bb css_animation=\u00a0\u00bbflipInX\u00a0\u00bb css=\u00a0\u00bb.vc_custom_1620224416841{margin-top: 0px !important;margin-bottom: 0px !important;border-top-width: 0px !important;border-bottom-width: 0px !important;padding-top: 0px !important;padding-bottom: 0px !important;}\u00a0\u00bb][\/vc_column][vc_column width=\u00a0\u00bb1\/3&Prime; css=\u00a0\u00bb.vc_custom_1620224428321{margin-bottom: 0px !important;border-bottom-width: 0px !important;padding-bottom: 0px !important;}\u00a0\u00bb][vc_single_image image=\u00a0\u00bb7922&Prime; img_size=\u00a0\u00bbfull\u00a0\u00bb css_animation=\u00a0\u00bbflipInX\u00a0\u00bb css=\u00a0\u00bb.vc_custom_1620224384251{margin-bottom: 0px !important;border-bottom-width: 0px !important;padding-bottom: 0px !important;}\u00a0\u00bb][\/vc_column][\/vc_row][vc_row full_width=\u00a0\u00bbstretch_row_content_no_spaces\u00a0\u00bb equal_height=\u00a0\u00bbyes\u00a0\u00bb content_placement=\u00a0\u00bbmiddle\u00a0\u00bb css=\u00a0\u00bb.vc_custom_1620224460585{margin-top: 0px !important;border-top-width: 0px !important;padding-top: 0px !important;padding-bottom: 0px !important;}\u00a0\u00bb][vc_column css_animation=\u00a0\u00bbfadeInUp\u00a0\u00bb width=\u00a0\u00bb1\/2&Prime; css=\u00a0\u00bb.vc_custom_1620223907308{margin-top: 0px !important;border-top-width: 0px !important;padding-top: 50px !important;padding-bottom: 50px !important;background-color: #009fe3 !important;}\u00a0\u00bb][vc_row_inner][vc_column_inner width=\u00a0\u00bb1\/4&Prime;][\/vc_column_inner][vc_column_inner width=\u00a0\u00bb1\/2&Prime; css=\u00a0\u00bb.vc_custom_1620219264048{padding-right: 6% !important;padding-left: 6% !important;}\u00a0\u00bb]<div id=\"ultimate-heading-463969d09cd172927\" class=\"uvc-heading ult-adjust-bottom-margin ultimate-heading-463969d09cd172927 uvc-760 \" data-hspacer=\"line_only\"  data-halign=\"center\" style=\"text-align:center\"><div class=\"uvc-main-heading ult-responsive\"  data-ultimate-target='.uvc-heading.ultimate-heading-463969d09cd172927 h2'  data-responsive-json-new='{\"font-size\":\"desktop:35px;mobile:25px;\",\"line-height\":\"\"}' ><h2 style=\"font-family:&#039;Poppins&#039;;font-weight:bold;color:#ffffff;margin-bottom:8px;\">Location de scooter \u00e0 Cefal\u00f9 et bien plus encore !<\/h2><\/div><div class=\"uvc-heading-spacer line_only\" style=\"topheight:1px;\"><span class=\"uvc-headings-line\" style=\"border-style:solid;border-bottom-width:1px;border-color:#ffffff;width:60px;\"><\/span><\/div><\/div>[\/vc_column_inner][vc_column_inner width=\u00a0\u00bb1\/4&Prime;][\/vc_column_inner][\/vc_row_inner][\/vc_column][vc_column css_animation=\u00a0\u00bbfadeInRight\u00a0\u00bb width=\u00a0\u00bb1\/2&Prime; css=\u00a0\u00bb.vc_custom_1620204240051{padding-top: 65px !important;padding-right: 6% !important;padding-bottom: 65px !important;padding-left: 6% !important;}\u00a0\u00bb][vc_row_inner css=\u00a0\u00bb.vc_custom_1462781150779{padding-right: 16% !important;padding-left: 6% !important;}\u00a0\u00bb][vc_column_inner]<div class=\"pix_icon_box  left \"  ><div class=\"icon100 bg-none default\"><span class=\"icon pixicon-hourglass-2\"><\/span><\/div><div class=\"icon-box-content  \"><h2 class=\"title\">Louer un scooter, une moto ou un v\u00e9lo n&#039;a jamais \u00e9t\u00e9 aussi facile et rapide.<\/h2><\/div><\/div>[vc_empty_space height=\u00a0\u00bb50px\u00a0\u00bb]<div class=\"pix_icon_box  left \"  ><div class=\"icon100 bg-none default\"><span class=\"icon pixicon-basic-mouse\"><\/span><\/div><div class=\"icon-box-content  \"><h2 class=\"title\">Quelques clics suffiront pour compl\u00e9ter la r\u00e9servation, tu n&#039;auras qu&#039;\u00e0 penser \u00e0 ta destination !<\/h2><\/div><\/div>[vc_empty_space height=\u00a0\u00bb50px\u00a0\u00bb]<div class=\"pix_icon_box  left \"  ><div class=\"icon100 bg-none default\"><span class=\"icon pixicon-settings-5\"><\/span><\/div><div class=\"icon-box-content  \"><h2 class=\"title\">Tous nos v\u00e9hicules sont constamment inspect\u00e9s par un atelier qualifi\u00e9<\/h2><\/div><\/div>[\/vc_column_inner][\/vc_row_inner][\/vc_column][\/vc_row][vc_row css=\u00a0\u00bb.vc_custom_1620806166986{margin-top: 0px !important;margin-bottom: 0px !important;border-top-width: 0px !important;border-bottom-width: 0px !important;padding-top: 50px !important;padding-bottom: 0px !important;}\u00a0\u00bb][vc_column]<div id=\"ultimate-heading-701269d09cd172cc5\" class=\"uvc-heading ult-adjust-bottom-margin ultimate-heading-701269d09cd172cc5 uvc-1207 \" data-hspacer=\"no_spacer\"  data-halign=\"center\" style=\"text-align:center\"><div class=\"uvc-heading-spacer no_spacer\" style=\"top\"><\/div><div class=\"uvc-main-heading ult-responsive\"  data-ultimate-target='.uvc-heading.ultimate-heading-701269d09cd172cc5 p'  data-responsive-json-new='{\"font-size\":\"desktop:40px;mobile:25px;\",\"line-height\":\"\"}' ><p style=\"font-weight:bold;color:#b1e839;margin-bottom:20px;\">Profite de tes vacances sans stress<\/p><\/div><div class=\"uvc-sub-heading ult-responsive\"  data-ultimate-target='.uvc-heading.ultimate-heading-701269d09cd172cc5 .uvc-sub-heading '  data-responsive-json-new='{\"font-size\":\"desktop:25px;mobile:18px;\",\"line-height\":\"desktop:35px;\"}'  style=\"font-weight:normal;margin-top:20px;margin-bottom:40px;\"><strong>Louer<\/strong> un <strong>scooter, <\/strong>une<strong> moto<\/strong> ou un<strong> v\u00e9lo<\/strong> avec <em>RentMeNow!<\/em> est la meilleure solution pour profiter de tes vacances sans aucun stress !<\/div><\/div>[\/vc_column][\/vc_row][vc_row full_width=\u00a0\u00bbstretch_row_content\u00a0\u00bb bg_type=\u00a0\u00bbgrad\u00a0\u00bb css=\u00a0\u00bb.vc_custom_1620210959836{margin-top: 0px !important;border-top-width: 0px !important;padding-top: 0px !important;padding-bottom: 80px !important;}\u00a0\u00bb bg_grad=\u00a0\u00bbbackground: -webkit-gradient(linear, left top, left bottom, color-stop(0%, #009FE3), color-stop(100%, #B1E839));background: -moz-linear-gradient(60deg,#009FE3 0%,#B1E839 100%);background: -webkit-linear-gradient(60deg,#009FE3 0%,#B1E839 100%);background: -o-linear-gradient(60deg,#009FE3 0%,#B1E839 100%);background: -ms-linear-gradient(60deg,#009FE3 0%,#B1E839 100%);background: linear-gradient(60deg,#009FE3 0%,#B1E839 100%);\u00a0\u00bb][vc_column width=\u00a0\u00bb1\/6&Prime;][\/vc_column][vc_column width=\u00a0\u00bb2\/3&Prime;][vc_empty_space height=\u00a0\u00bb50px\u00a0\u00bb]<div id=\"ultimate-heading-45669d09cd172d4b\" class=\"uvc-heading ult-adjust-bottom-margin ultimate-heading-45669d09cd172d4b uvc-5091 \" data-hspacer=\"no_spacer\"  data-halign=\"center\" style=\"text-align:center\"><div class=\"uvc-heading-spacer no_spacer\" style=\"top\"><\/div><div class=\"uvc-main-heading ult-responsive\"  data-ultimate-target='.uvc-heading.ultimate-heading-45669d09cd172d4b p'  data-responsive-json-new='{\"font-size\":\"desktop:36px;\",\"line-height\":\"\"}' ><p style=\"font-weight:normal;color:#ffffff;\">AVIS DE NOS CLIENTS<\/p><\/div><\/div>[vc_empty_space height=\u00a0\u00bb50px\u00a0\u00bb]<div class=\"owl-carousel row-carousel arrow-style-1 no-pagi-carousel \" data-items=\"3\" data-loop=\"false\" data-margin=\"40\" data-center=\"false\" data-stage-padding=\"0\" data-start-position=\"0\" data-dots=\"false\" data-touch-drag=\"true\" data-mouse-drag=\"true\" data-autoplay-hover-pause=\"true\" data-nav=\"false\" data-autoplay-timeout=\"5000\" data-autoplay=\"true\" data-animate-in=\"false\" data-animate-out=\"false\">[vc_raw_html]PGRpdiBpZD0iVEFfY2Rzc2Nyb2xsaW5ncmF2ZXdpZGU1NzgiIGNsYXNzPSJUQV9jZHNzY3JvbGxpbmdyYXZld2lkZSI+PHVsIGlkPSJTU1MzanBuRUNzIiBjbGFzcz0iVEFfbGlua3MgZHR6ajBwY1Vtb2MiPjxsaSBpZD0iVFR3SDgydiIgY2xhc3M9ImRocWlVS0QiPjxhIHRhcmdldD0iX2JsYW5rIiBocmVmPSJodHRwczovL3d3dy50cmlwYWR2aXNvci5pdC9BdHRyYWN0aW9uX1Jldmlldy1nMTk0NzI2LWQxNTAxMTA1NS1SZXZpZXdzLVJlbnRNZU5vdy1DZWZhbHVfUHJvdmluY2Vfb2ZfUGFsZXJtb19TaWNpbHkuaHRtbCI+PGltZyBzcmM9Imh0dHBzOi8vc3RhdGljLnRhY2RuLmNvbS9pbWcyL2JyYW5kX3JlZnJlc2gvVHJpcGFkdmlzb3JfbG9ja3VwX3ZlcnRpY2FsLnN2ZyIgYWx0PSJUcmlwQWR2aXNvciIgY2xhc3M9IndpZEVYQ0lNRyIgaWQ9IkNEU1dJREVYQ0xPR08iPjwvYT48L2xpPjwvdWw+PC9kaXY+PHNjcmlwdCBhc3luYz0iIiBzcmM9Imh0dHBzOi8vd3d3LmpzY2FjaGUuY29tL3dlanM\/d3R5cGU9Y2Rzc2Nyb2xsaW5ncmF2ZXdpZGUmYW1wO3VuaXE9NTc4JmFtcDtsb2NhdGlvbklkPTE1MDExMDU1JmFtcDtsYW5nPWl0JmFtcDtib3JkZXI9dHJ1ZSZhbXA7c2hhZG93PXRydWUmYW1wO2Rpc3BsYXlfdmVyc2lvbj0yIiBkYXRhLWxvYWR0cms9IiIgb25sb2FkPSJ0aGlzLmxvYWR0cms9dHJ1ZSI+PC9zY3JpcHQ+[\/vc_raw_html]<\/div>[vc_empty_space height=\u00a0\u00bb40px\u00a0\u00bb][\/vc_column][vc_column width=\u00a0\u00bb1\/6&Prime;][\/vc_column][\/vc_row]<\/p>\n","protected":false},"excerpt":{"rendered":"<p>[vc_row full_width=\u00a0\u00bbstretch_row_content\u00a0\u00bb full_height=\u00a0\u00bbyes\u00a0\u00bb content_placement=\u00a0\u00bbmiddle\u00a0\u00bb bg_type=\u00a0\u00bbimage\u00a0\u00bb parallax_style=\u00a0\u00bbvcpb-default\u00a0\u00bb bg_image_new=\u00a0\u00bbid^7862|url^https:\/\/www.rentmenow.it\/wp-content\/uploads\/2021\/05\/vista-cefalu-noleggio-scooter.jpg|caption^null|alt^null|title^vista-cefalu-noleggio-scooter|description^null\u00a0\u00bb bg_override=\u00a0\u00bbfull\u00a0\u00bb css=\u00a0\u00bb.vc_custom_1620211648562{margin-top: 0px !important;border-top-width: 0px !important;padding-top: 0px !important;}\u00a0\u00bb][vc_column width=\u00a0\u00bb1\/2&Prime; css=\u00a0\u00bb.vc_custom_1625836196932{margin-right: 0px !important;margin-left: 0px !important;border-right-width: 0px !important;border-left-width: 0px !important;padding-top: 50px !important;padding-right: 6% !important;padding-left: 6% !important;}\u00a0\u00bb][vc_column_text el_id=\u00a0\u00bbbooking\u00a0\u00bb][\/vc_column_text][\/vc_column][vc_column width=\u00a0\u00bb1\/2&Prime; css=\u00a0\u00bb.vc_custom_1620123643630{background-color: rgba(0,159,227,0.71) !important;*background-color: rgb(0,159,227) !important;}\u00a0\u00bb][vc_empty_space][vc_empty_space][vc_empty_space][vc_empty_space][\/vc_column][\/vc_row][vc_row full_width=\u00a0\u00bbstretch_row\u00a0\u00bb bg_type=\u00a0\u00bbbg_color\u00a0\u00bb&#8230;<\/p>\n","protected":false},"author":2,"featured_media":0,"parent":0,"menu_order":0,"comment_status":"closed","ping_status":"closed","template":"","meta":{"footnotes":""},"class_list":["post-8888","page","type-page","status-publish","hentry"],"yoast_head":"<!-- This site is optimized with the Yoast SEO plugin v27.3 - https:\/\/yoast.com\/product\/yoast-seo-wordpress\/ -->\n<title>Location \u00e0 Cefal\u00f9 | Scooter v\u00e9lo et moto - RentMeNow! - Off Road<\/title>\n<meta name=\"description\" content=\"D\u00e9couvre notre agence de location ! Tu peux louer un scooter, un v\u00e9lo et une moto. Trouve ta meilleure solution et d\u00e9couvre Cefal\u00f9 et Palerme !\" \/>\n<meta name=\"robots\" content=\"index, follow, max-snippet:-1, max-image-preview:large, max-video-preview:-1\" \/>\n<link rel=\"canonical\" href=\"https:\/\/www.rentmenow.it\/fr\/location-a-cefalu-scooter-velo-et-moto\/\" \/>\n<meta property=\"og:locale\" content=\"fr_FR\" \/>\n<meta property=\"og:type\" content=\"article\" \/>\n<meta property=\"og:title\" content=\"Location \u00e0 Cefal\u00f9 | Scooter v\u00e9lo et moto - RentMeNow! - Off Road\" \/>\n<meta property=\"og:description\" content=\"D\u00e9couvre notre agence de location ! Tu peux louer un scooter, un v\u00e9lo et une moto. Trouve ta meilleure solution et d\u00e9couvre Cefal\u00f9 et Palerme !\" \/>\n<meta property=\"og:url\" content=\"https:\/\/www.rentmenow.it\/fr\/location-a-cefalu-scooter-velo-et-moto\/\" \/>\n<meta property=\"og:site_name\" content=\"RentMeNow! - Off Road\" \/>\n<meta property=\"article:publisher\" content=\"https:\/\/www.facebook.com\/rentmenow.it\/\" \/>\n<meta property=\"article:modified_time\" content=\"2025-10-17T12:04:48+00:00\" \/>\n<meta name=\"twitter:card\" content=\"summary_large_image\" \/>\n<meta name=\"twitter:label1\" content=\"Dur\u00e9e de lecture estim\u00e9e\" \/>\n\t<meta name=\"twitter:data1\" content=\"6 minutes\" \/>\n<script type=\"application\/ld+json\" class=\"yoast-schema-graph\">{\"@context\":\"https:\\\/\\\/schema.org\",\"@graph\":[{\"@type\":\"WebPage\",\"@id\":\"https:\\\/\\\/www.rentmenow.it\\\/fr\\\/location-a-cefalu-scooter-velo-et-moto\\\/\",\"url\":\"https:\\\/\\\/www.rentmenow.it\\\/fr\\\/location-a-cefalu-scooter-velo-et-moto\\\/\",\"name\":\"Location \u00e0 Cefal\u00f9 | Scooter v\u00e9lo et moto - RentMeNow! - Off Road\",\"isPartOf\":{\"@id\":\"https:\\\/\\\/www.rentmenow.it\\\/fr\\\/#website\"},\"datePublished\":\"2021-09-09T14:55:01+00:00\",\"dateModified\":\"2025-10-17T12:04:48+00:00\",\"description\":\"D\u00e9couvre notre agence de location ! Tu peux louer un scooter, un v\u00e9lo et une moto. Trouve ta meilleure solution et d\u00e9couvre Cefal\u00f9 et Palerme !\",\"breadcrumb\":{\"@id\":\"https:\\\/\\\/www.rentmenow.it\\\/fr\\\/location-a-cefalu-scooter-velo-et-moto\\\/#breadcrumb\"},\"inLanguage\":\"fr-FR\",\"potentialAction\":[{\"@type\":\"ReadAction\",\"target\":[\"https:\\\/\\\/www.rentmenow.it\\\/fr\\\/location-a-cefalu-scooter-velo-et-moto\\\/\"]}]},{\"@type\":\"BreadcrumbList\",\"@id\":\"https:\\\/\\\/www.rentmenow.it\\\/fr\\\/location-a-cefalu-scooter-velo-et-moto\\\/#breadcrumb\",\"itemListElement\":[{\"@type\":\"ListItem\",\"position\":1,\"name\":\"Domicile\",\"item\":\"https:\\\/\\\/www.rentmenow.it\\\/fr\\\/accueil\\\/\"},{\"@type\":\"ListItem\",\"position\":2,\"name\":\"Location \u00e0 Cefal\u00f9 | Scooter v\u00e9lo et moto\"}]},{\"@type\":\"WebSite\",\"@id\":\"https:\\\/\\\/www.rentmenow.it\\\/fr\\\/#website\",\"url\":\"https:\\\/\\\/www.rentmenow.it\\\/fr\\\/\",\"name\":\"RentMeNow! Noleggio scooter Cefal\u00f9\",\"description\":\"Noleggio scooter Cefal\u00f9\",\"publisher\":{\"@id\":\"https:\\\/\\\/www.rentmenow.it\\\/fr\\\/#organization\"},\"potentialAction\":[{\"@type\":\"SearchAction\",\"target\":{\"@type\":\"EntryPoint\",\"urlTemplate\":\"https:\\\/\\\/www.rentmenow.it\\\/fr\\\/?s={search_term_string}\"},\"query-input\":{\"@type\":\"PropertyValueSpecification\",\"valueRequired\":true,\"valueName\":\"search_term_string\"}}],\"inLanguage\":\"fr-FR\"},{\"@type\":\"Organization\",\"@id\":\"https:\\\/\\\/www.rentmenow.it\\\/fr\\\/#organization\",\"name\":\"Rent Me Now!\",\"url\":\"https:\\\/\\\/www.rentmenow.it\\\/fr\\\/\",\"logo\":{\"@type\":\"ImageObject\",\"inLanguage\":\"fr-FR\",\"@id\":\"https:\\\/\\\/www.rentmenow.it\\\/fr\\\/#\\\/schema\\\/logo\\\/image\\\/\",\"url\":\"https:\\\/\\\/www.rentmenow.it\\\/wp-content\\\/uploads\\\/2021\\\/07\\\/rentmenow_logo_small_Tavola-disegno-1.png\",\"contentUrl\":\"https:\\\/\\\/www.rentmenow.it\\\/wp-content\\\/uploads\\\/2021\\\/07\\\/rentmenow_logo_small_Tavola-disegno-1.png\",\"width\":315,\"height\":71,\"caption\":\"Rent Me Now!\"},\"image\":{\"@id\":\"https:\\\/\\\/www.rentmenow.it\\\/fr\\\/#\\\/schema\\\/logo\\\/image\\\/\"},\"sameAs\":[\"https:\\\/\\\/www.facebook.com\\\/rentmenow.it\\\/\"]}]}<\/script>\n<!-- \/ Yoast SEO plugin. -->","yoast_head_json":{"title":"Location \u00e0 Cefal\u00f9 | Scooter v\u00e9lo et moto - RentMeNow! - Off Road","description":"D\u00e9couvre notre agence de location ! Tu peux louer un scooter, un v\u00e9lo et une moto. Trouve ta meilleure solution et d\u00e9couvre Cefal\u00f9 et Palerme !","robots":{"index":"index","follow":"follow","max-snippet":"max-snippet:-1","max-image-preview":"max-image-preview:large","max-video-preview":"max-video-preview:-1"},"canonical":"https:\/\/www.rentmenow.it\/fr\/location-a-cefalu-scooter-velo-et-moto\/","og_locale":"fr_FR","og_type":"article","og_title":"Location \u00e0 Cefal\u00f9 | Scooter v\u00e9lo et moto - RentMeNow! - Off Road","og_description":"D\u00e9couvre notre agence de location ! Tu peux louer un scooter, un v\u00e9lo et une moto. Trouve ta meilleure solution et d\u00e9couvre Cefal\u00f9 et Palerme !","og_url":"https:\/\/www.rentmenow.it\/fr\/location-a-cefalu-scooter-velo-et-moto\/","og_site_name":"RentMeNow! - Off Road","article_publisher":"https:\/\/www.facebook.com\/rentmenow.it\/","article_modified_time":"2025-10-17T12:04:48+00:00","twitter_card":"summary_large_image","twitter_misc":{"Dur\u00e9e de lecture estim\u00e9e":"6 minutes"},"schema":{"@context":"https:\/\/schema.org","@graph":[{"@type":"WebPage","@id":"https:\/\/www.rentmenow.it\/fr\/location-a-cefalu-scooter-velo-et-moto\/","url":"https:\/\/www.rentmenow.it\/fr\/location-a-cefalu-scooter-velo-et-moto\/","name":"Location \u00e0 Cefal\u00f9 | Scooter v\u00e9lo et moto - RentMeNow! - Off Road","isPartOf":{"@id":"https:\/\/www.rentmenow.it\/fr\/#website"},"datePublished":"2021-09-09T14:55:01+00:00","dateModified":"2025-10-17T12:04:48+00:00","description":"D\u00e9couvre notre agence de location ! Tu peux louer un scooter, un v\u00e9lo et une moto. Trouve ta meilleure solution et d\u00e9couvre Cefal\u00f9 et Palerme !","breadcrumb":{"@id":"https:\/\/www.rentmenow.it\/fr\/location-a-cefalu-scooter-velo-et-moto\/#breadcrumb"},"inLanguage":"fr-FR","potentialAction":[{"@type":"ReadAction","target":["https:\/\/www.rentmenow.it\/fr\/location-a-cefalu-scooter-velo-et-moto\/"]}]},{"@type":"BreadcrumbList","@id":"https:\/\/www.rentmenow.it\/fr\/location-a-cefalu-scooter-velo-et-moto\/#breadcrumb","itemListElement":[{"@type":"ListItem","position":1,"name":"Domicile","item":"https:\/\/www.rentmenow.it\/fr\/accueil\/"},{"@type":"ListItem","position":2,"name":"Location \u00e0 Cefal\u00f9 | Scooter v\u00e9lo et moto"}]},{"@type":"WebSite","@id":"https:\/\/www.rentmenow.it\/fr\/#website","url":"https:\/\/www.rentmenow.it\/fr\/","name":"RentMeNow! Noleggio scooter Cefal\u00f9","description":"Noleggio scooter Cefal\u00f9","publisher":{"@id":"https:\/\/www.rentmenow.it\/fr\/#organization"},"potentialAction":[{"@type":"SearchAction","target":{"@type":"EntryPoint","urlTemplate":"https:\/\/www.rentmenow.it\/fr\/?s={search_term_string}"},"query-input":{"@type":"PropertyValueSpecification","valueRequired":true,"valueName":"search_term_string"}}],"inLanguage":"fr-FR"},{"@type":"Organization","@id":"https:\/\/www.rentmenow.it\/fr\/#organization","name":"Rent Me Now!","url":"https:\/\/www.rentmenow.it\/fr\/","logo":{"@type":"ImageObject","inLanguage":"fr-FR","@id":"https:\/\/www.rentmenow.it\/fr\/#\/schema\/logo\/image\/","url":"https:\/\/www.rentmenow.it\/wp-content\/uploads\/2021\/07\/rentmenow_logo_small_Tavola-disegno-1.png","contentUrl":"https:\/\/www.rentmenow.it\/wp-content\/uploads\/2021\/07\/rentmenow_logo_small_Tavola-disegno-1.png","width":315,"height":71,"caption":"Rent Me Now!"},"image":{"@id":"https:\/\/www.rentmenow.it\/fr\/#\/schema\/logo\/image\/"},"sameAs":["https:\/\/www.facebook.com\/rentmenow.it\/"]}]}},"_links":{"self":[{"href":"https:\/\/www.rentmenow.it\/fr\/wp-json\/wp\/v2\/pages\/8888","targetHints":{"allow":["GET"]}}],"collection":[{"href":"https:\/\/www.rentmenow.it\/fr\/wp-json\/wp\/v2\/pages"}],"about":[{"href":"https:\/\/www.rentmenow.it\/fr\/wp-json\/wp\/v2\/types\/page"}],"author":[{"embeddable":true,"href":"https:\/\/www.rentmenow.it\/fr\/wp-json\/wp\/v2\/users\/2"}],"replies":[{"embeddable":true,"href":"https:\/\/www.rentmenow.it\/fr\/wp-json\/wp\/v2\/comments?post=8888"}],"version-history":[{"count":2,"href":"https:\/\/www.rentmenow.it\/fr\/wp-json\/wp\/v2\/pages\/8888\/revisions"}],"predecessor-version":[{"id":8890,"href":"https:\/\/www.rentmenow.it\/fr\/wp-json\/wp\/v2\/pages\/8888\/revisions\/8890"}],"wp:attachment":[{"href":"https:\/\/www.rentmenow.it\/fr\/wp-json\/wp\/v2\/media?parent=8888"}],"curies":[{"name":"wp","href":"https:\/\/api.w.org\/{rel}","templated":true}]}}