{"id":8830,"date":"2021-05-05T14:34:47","date_gmt":"2021-05-05T14:34:47","guid":{"rendered":"https:\/\/www.rentmenow.it\/location-scooter-cefalu-contacts\/"},"modified":"2025-10-25T07:23:48","modified_gmt":"2025-10-25T07:23:48","slug":"location-scooter-cefalu-contacts","status":"publish","type":"page","link":"https:\/\/www.rentmenow.it\/fr\/location-scooter-cefalu-contacts\/","title":{"rendered":"Location scooter Cefal\u00f9 | CONTACTS"},"content":{"rendered":"<p>[vc_row full_width=\u00a0\u00bbstretch_row_content\u00a0\u00bb content_placement=\u00a0\u00bbmiddle\u00a0\u00bb bg_type=\u00a0\u00bbimage\u00a0\u00bb parallax_style=\u00a0\u00bbvcpb-vz-jquery\u00a0\u00bb bg_image_new=\u00a0\u00bbid^7945|url^https:\/\/www.rentmenow.it\/wp-content\/uploads\/2021\/05\/yamaha-xmax-ironmax-noleggio-1.jpg|caption^null|alt^null|title^yamaha-xmax-ironmax-noleggio|description^null\u00a0\u00bb css=\u00a0\u00bb.vc_custom_1620804071864{background-position: center !important;background-repeat: no-repeat !important;background-size: cover !important;}\u00a0\u00bb][vc_column width=\u00a0\u00bb1\/2&Prime; css=\u00a0\u00bb.vc_custom_1620803871304{background-color: rgba(0,159,227,0.71) !important;*background-color: rgb(0,159,227) !important;}\u00a0\u00bb][vc_empty_space]<div id=\"ultimate-heading-24469f0edb9a343b\" class=\"uvc-heading ult-adjust-bottom-margin ultimate-heading-24469f0edb9a343b uvc-9961 \" data-hspacer=\"no_spacer\"  data-halign=\"center\" style=\"text-align:center\"><div class=\"uvc-heading-spacer no_spacer\" style=\"top\"><\/div><div class=\"uvc-main-heading ult-responsive\"  data-ultimate-target='.uvc-heading.ultimate-heading-24469f0edb9a343b h2'  data-responsive-json-new='{\"font-size\":\"desktop:70px;mobile:50px;\",\"line-height\":\"\"}' ><h2 style=\"font-weight:bold;color:#ffffff;\">Nos contacts<\/h2><\/div><\/div>[vc_empty_space][\/vc_column][vc_column width=\u00a0\u00bb1\/2&Prime;][\/vc_column][\/vc_row][vc_row css=\u00a0\u00bb.vc_custom_1620662081394{margin-bottom: 40px !important;padding-bottom: 0px !important;}\u00a0\u00bb][vc_column width=\u00a0\u00bb5\/12&Prime;]<div id=\"ultimate-heading-243769f0edb9a34b5\" class=\"uvc-heading ult-adjust-bottom-margin ultimate-heading-243769f0edb9a34b5 uvc-2169 \" data-hspacer=\"no_spacer\"  data-halign=\"left\" style=\"text-align:left\"><div class=\"uvc-heading-spacer no_spacer\" style=\"top\"><\/div><div class=\"uvc-main-heading ult-responsive\"  data-ultimate-target='.uvc-heading.ultimate-heading-243769f0edb9a34b5 h2'  data-responsive-json-new='{\"font-size\":\"desktop:24px;\",\"line-height\":\"\"}' ><h2 style=\"font-family:&#039;Poppins&#039;;font-weight:500;color:#2b2b2b;\">INFORMATIONS DE CONTACT<\/h2><\/div><\/div>[vc_separator color=\u00a0\u00bbcustom\u00a0\u00bb border_width=\u00a0\u00bb3&Prime; accent_color=\u00a0\u00bb#009fe3&Prime; css=\u00a0\u00bb.vc_custom_1620661885574{border-bottom-width: 40px !important;padding-top: 40px !important;padding-bottom: 40px !important;}\u00a0\u00bb]<ul class=\"list \"><li class=\"icon-list\" style=\" font-size: 16px; margin: 10px 0px 40px 30px; color: #777777; letter-spacing: 1px;\"><a href=\"mailto:info@rentmenow.it\"  style=\" font-size: 16px; margin: 10px 0px 40px 30px; color: #777777; letter-spacing: 1px;\"><i class=\"pixicon-icon pixicon-envelope-1 color\"  style=\" font-size: 25px; margin: 0px 0px 0px -50px; line-height: 17px;\"><\/i>info@rentmenow.it<\/a><\/li><li class=\"icon-list\" style=\" font-size: 16px; margin: 10px 0px 40px 30px; color: #777777; line-height: 18px; letter-spacing: 1px;\"><a href=\"tel:00390921766518\"  style=\" font-size: 16px; margin: 10px 0px 40px 30px; color: #777777; line-height: 18px; letter-spacing: 1px;\"><i class=\"pixicon-icon pixicon-call-in color\"  style=\" font-size: 25px; margin: 0px 0px 0px -55px;\"><\/i>+39 0921 766518<\/a><\/li><li class=\"icon-list\" style=\" font-size: 16px; margin: 10px 0px 40px 30px; color: #777777; letter-spacing: 1px;\"><a href=\"https:\/\/goo.gl\/maps\/wEiTEMjJBaeSMagb8\"  target=\"_blank\" style=\" font-size: 16px; margin: 10px 0px 40px 30px; color: #777777; letter-spacing: 1px;\"><i class=\"pixicon-icon pixicon-pointer color\"  style=\" font-size: 25px; margin: 0px 0px 0px -50px;\"><\/i>Ufficio e Consegna presso:<br \/>\n73, Strada Statale 113, 90015 Cefal\u00f9 PA<\/a><\/li><li class=\"icon-list\" style=\" font-size: 16px; margin: 10px 0px 40px 30px; color: #777777; letter-spacing: 1px;\"><a href=\"https:\/\/goo.gl\/maps\/ba7oELgiNF9yRMC87\"  target=\"_blank\" style=\" font-size: 16px; margin: 10px 0px 40px 30px; color: #777777; letter-spacing: 1px;\"><i class=\"pixicon-icon pixicon-pointer color\"  style=\" font-size: 25px; margin: 0px 0px 0px -50px;\"><\/i>Consegna presso:<br \/>\nPiazza Cristoforo Colombo, Cefal\u00f9, PA<\/a><\/li><\/ul>[vc_empty_space height=\u00a0\u00bb40px\u00a0\u00bb][vc_separator color=\u00a0\u00bbcustom\u00a0\u00bb border_width=\u00a0\u00bb3&Prime; accent_color=\u00a0\u00bb#009fe3&Prime;]<div id=\"ultimate-heading-362869f0edb9a37dd\" class=\"uvc-heading ult-adjust-bottom-margin ultimate-heading-362869f0edb9a37dd uvc-5365 \" data-hspacer=\"no_spacer\"  data-halign=\"left\" style=\"text-align:left\"><div class=\"uvc-heading-spacer no_spacer\" style=\"top\"><\/div><div class=\"uvc-main-heading ult-responsive\"  data-ultimate-target='.uvc-heading.ultimate-heading-362869f0edb9a37dd h2'  data-responsive-json-new='{\"font-size\":\"desktop:40px;mobile:25px;\",\"line-height\":\"\"}' ><h2 style=\"font-weight:bold;color:#b1e839;margin-bottom:20px;\">Qu&apos;attends-tu ? Contacte-nous ! <\/h2><\/div><div class=\"uvc-sub-heading ult-responsive\"  data-ultimate-target='.uvc-heading.ultimate-heading-362869f0edb9a37dd .uvc-sub-heading '  data-responsive-json-new='{\"font-size\":\"desktop:25px;mobile:18px;\",\"line-height\":\"desktop:35px;\"}'  style=\"font-weight:normal;margin-top:20px;margin-bottom:40px;\">Chez <strong>RentMeNow! <\/strong>nous serons ravis de r\u00e9pondre \u00e0 toutes tes questions.<\/div><\/div>[vc_separator color=\u00a0\u00bbcustom\u00a0\u00bb border_width=\u00a0\u00bb3&Prime; accent_color=\u00a0\u00bb#009fe3&Prime;][\/vc_column][vc_column width=\u00a0\u00bb1\/12&Prime;][\/vc_column][vc_column width=\u00a0\u00bb6\/12&Prime;]\n<div class=\"wpcf7 no-js\" id=\"wpcf7-f8999-o1\" lang=\"fr-FR\" dir=\"ltr\" data-wpcf7-id=\"8999\">\n<div class=\"screen-reader-response\"><p role=\"status\" aria-live=\"polite\" aria-atomic=\"true\"><\/p> <ul><\/ul><\/div>\n<form action=\"\/fr\/wp-json\/wp\/v2\/pages\/8830#wpcf7-f8999-o1\" method=\"post\" class=\"wpcf7-form init\" aria-label=\"Formulaire de contact\" novalidate=\"novalidate\" data-status=\"init\">\n<fieldset class=\"hidden-fields-container\"><input type=\"hidden\" name=\"_wpcf7\" value=\"8999\" \/><input type=\"hidden\" name=\"_wpcf7_version\" value=\"6.1.4\" \/><input type=\"hidden\" name=\"_wpcf7_locale\" value=\"fr_FR\" \/><input type=\"hidden\" name=\"_wpcf7_unit_tag\" value=\"wpcf7-f8999-o1\" \/><input type=\"hidden\" name=\"_wpcf7_container_post\" value=\"0\" \/><input type=\"hidden\" name=\"_wpcf7_posted_data_hash\" value=\"\" \/><input type=\"hidden\" name=\"_wpcf7_recaptcha_response\" value=\"\" \/>\n<\/fieldset>\n\n<p><label> NOM*<br \/>\n<span class=\"wpcf7-form-control-wrap\" data-name=\"your-name\"><input size=\"40\" maxlength=\"400\" class=\"wpcf7-form-control wpcf7-text wpcf7-validates-as-required\" aria-required=\"true\" aria-invalid=\"false\" value=\"\" type=\"text\" name=\"your-name\" \/><\/span> <\/label>\n<\/p>\n<p><label> EMAIL*<br \/>\n<span class=\"wpcf7-form-control-wrap\" data-name=\"your-email\"><input size=\"40\" maxlength=\"400\" class=\"wpcf7-form-control wpcf7-email wpcf7-validates-as-required wpcf7-text wpcf7-validates-as-email\" aria-required=\"true\" aria-invalid=\"false\" value=\"\" type=\"email\" name=\"your-email\" \/><\/span> <\/label>\n<\/p>\n<p><label> OBJET*<br \/>\n<span class=\"wpcf7-form-control-wrap\" data-name=\"your-subject\"><input size=\"40\" maxlength=\"400\" class=\"wpcf7-form-control wpcf7-text wpcf7-validates-as-required\" aria-required=\"true\" aria-invalid=\"false\" value=\"\" type=\"text\" name=\"your-subject\" \/><\/span> <\/label>\n<\/p>\n<p><label> MESSAGE*<br \/>\n<span class=\"wpcf7-form-control-wrap\" data-name=\"your-message\"><textarea cols=\"40\" rows=\"10\" maxlength=\"2000\" class=\"wpcf7-form-control wpcf7-textarea\" aria-invalid=\"false\" name=\"your-message\"><\/textarea><\/span> <\/label>\n<\/p>\n<p><input class=\"wpcf7-form-control wpcf7-submit has-spinner\" type=\"submit\" value=\"ENVOYER\" \/>\n<\/p><div class=\"wpcf7-response-output\" aria-hidden=\"true\"><\/div>\n<\/form>\n<\/div>\n[\/vc_column][\/vc_row][vc_row css=\u00a0\u00bb.vc_custom_1620804269161{margin-top: 0px !important;margin-bottom: 0px !important;border-top-width: 0px !important;border-bottom-width: 0px !important;padding-top: 0px !important;padding-bottom: 0px !important;}\u00a0\u00bb][vc_column]<div id=\"ultimate-heading-14169f0edb9a4aa3\" class=\"uvc-heading ult-adjust-bottom-margin ultimate-heading-14169f0edb9a4aa3 uvc-5488 \" data-hspacer=\"no_spacer\"  data-halign=\"center\" style=\"text-align:center\"><div class=\"uvc-heading-spacer no_spacer\" style=\"top\"><\/div><div class=\"uvc-main-heading ult-responsive\"  data-ultimate-target='.uvc-heading.ultimate-heading-14169f0edb9a4aa3 h2'  data-responsive-json-new='{\"font-size\":\"desktop:40px;mobile:25px;\",\"line-height\":\"\"}' ><h2 style=\"font-weight:bold;color:#b1e839;margin-bottom:20px;\">O\u00f9 sommes-nous<\/h2><\/div><\/div>[vc_separator color=\u00a0\u00bbcustom\u00a0\u00bb border_width=\u00a0\u00bb3&Prime; el_width=\u00a0\u00bb40&Prime; accent_color=\u00a0\u00bb#009fe3&Prime; css=\u00a0\u00bb.vc_custom_1620806794758{padding-bottom: 40px !important;}\u00a0\u00bb][\/vc_column][\/vc_row][vc_row full_width=\u00a0\u00bbstretch_row_content_no_spaces\u00a0\u00bb css=\u00a0\u00bb.vc_custom_1469021634427{padding-top: 0px !important;padding-bottom: 0px !important;}\u00a0\u00bb][vc_column width=\u00a0\u00bb1\/2&Prime; css=\u00a0\u00bb.vc_custom_1620638829383{padding-top: 0px !important;padding-bottom: 0px !important;}\u00a0\u00bb][vc_gmaps link=\u00a0\u00bb#E-8_JTNDaWZyYW1lJTIwc3JjJTNEJTIyaHR0cHMlM0ElMkYlMkZ3d3cuZ29vZ2xlLmNvbSUyRm1hcHMlMkZlbWJlZCUzRnBiJTNEJTIxMW0xNCUyMTFtOCUyMTFtMyUyMTFkMTcyNS45ODk3MzA4NzQyNzc3JTIxMmQxMy45OTg3ODY1ODYyODk2MiUyMTNkMzguMDMwNjQzNTg1MTA1MDQlMjEzbTIlMjExaTEwMjQlMjEyaTc2OCUyMTRmMTMuMSUyMTNtMyUyMTFtMiUyMTFzMHgwJTI1M0EweGFiYTM4MGFhNzgxNjMyMjklMjEyc1JlbnQlMjUyME1FJTI1MjBOb3clMkEyMSUyMTVlMCUyMTNtMiUyMTFzaXQlMjEyc2l0JTIxNHYxNjIwNjM5NjgwOTQ4JTIxNW0yJTIxMXNpdCUyMTJzaXQlMjIlMjB3aWR0aCUzRCUyMjYwMCUyMiUyMGhlaWdodCUzRCUyMjQ1MCUyMiUyMHN0eWxlJTNEJTIyYm9yZGVyJTNBMCUzQiUyMiUyMGFsbG93ZnVsbHNjcmVlbiUzRCUyMiUyMiUyMGxvYWRpbmclM0QlMjJsYXp5JTIyJTNFJTNDJTJGaWZyYW1lJTNF\u00a0\u00bb][\/vc_column][vc_column width=\u00a0\u00bb1\/2&Prime; css=\u00a0\u00bb.vc_custom_1626681286152{padding-top: 0px !important;padding-bottom: 0px !important;}\u00a0\u00bb][vc_gmaps link=\u00a0\u00bb#E-8_JTNDaWZyYW1lJTIwc3JjJTNEJTIyaHR0cHMlM0ElMkYlMkZ3d3cuZ29vZ2xlLmNvbSUyRm1hcHMlMkZlbWJlZCUzRnBiJTNEJTIxMW0xOCUyMTFtMTIlMjExbTMlMjExZDMxNDIuNDA4Nzg2MzQyMjA0JTIxMmQxNC4wMTc4MDEyMTUxODIzMzYlMjEzZDM4LjAzNzU2MDI3OTcxMjUlMjEybTMlMjExZjAlMjEyZjAlMjEzZjAlMjEzbTIlMjExaTEwMjQlMjEyaTc2OCUyMTRmMTMuMSUyMTNtMyUyMTFtMiUyMTFzMHgxMzE3M2JjMmRhNTY4ZTQ5JTI1M0EweDUwYWY4MzI4NGU0Yjk3N2MlMjEyc1BpYXp6YSUyNTIwQ3Jpc3RvZm9ybyUyNTIwQ29sb21ibyUyNTJDJTI1MjA5MDAxNSUyNTIwQ2VmYWwlMjVDMyUyNUI5JTI1MjBQQSUyMTVlMCUyMTNtMiUyMTFzaXQlMjEyc2l0JTIxNHYxNjI2NjgxMTc4NjQ1JTIxNW0yJTIxMXNpdCUyMTJzaXQlMjIlMjB3aWR0aCUzRCUyMjYwMCUyMiUyMGhlaWdodCUzRCUyMjQ1MCUyMiUyMHN0eWxlJTNEJTIyYm9yZGVyJTNBMCUzQiUyMiUyMGFsbG93ZnVsbHNjcmVlbiUzRCUyMiUyMiUyMGxvYWRpbmclM0QlMjJsYXp5JTIyJTNFJTNDJTJGaWZyYW1lJTNF\u00a0\u00bb][\/vc_column][\/vc_row]<\/p>\n","protected":false},"excerpt":{"rendered":"<p>[vc_row full_width=\u00a0\u00bbstretch_row_content\u00a0\u00bb content_placement=\u00a0\u00bbmiddle\u00a0\u00bb bg_type=\u00a0\u00bbimage\u00a0\u00bb parallax_style=\u00a0\u00bbvcpb-vz-jquery\u00a0\u00bb bg_image_new=\u00a0\u00bbid^7945|url^https:\/\/www.rentmenow.it\/wp-content\/uploads\/2021\/05\/yamaha-xmax-ironmax-noleggio-1.jpg|caption^null|alt^null|title^yamaha-xmax-ironmax-noleggio|description^null\u00a0\u00bb css=\u00a0\u00bb.vc_custom_1620804071864{background-position: center !important;background-repeat: no-repeat !important;background-size: cover !important;}\u00a0\u00bb][vc_column width=\u00a0\u00bb1\/2&Prime; css=\u00a0\u00bb.vc_custom_1620803871304{background-color: rgba(0,159,227,0.71) !important;*background-color: rgb(0,159,227) !important;}\u00a0\u00bb][vc_empty_space][vc_empty_space][\/vc_column][vc_column width=\u00a0\u00bb1\/2&Prime;][\/vc_column][\/vc_row][vc_row css=\u00a0\u00bb.vc_custom_1620662081394{margin-bottom: 40px !important;padding-bottom: 0px !important;}\u00a0\u00bb][vc_column width=\u00a0\u00bb5\/12&Prime;][vc_separator color=\u00a0\u00bbcustom\u00a0\u00bb border_width=\u00a0\u00bb3&Prime; accent_color=\u00a0\u00bb#009fe3&Prime; css=\u00a0\u00bb.vc_custom_1620661885574{border-bottom-width: 40px !important;padding-top: 40px !important;padding-bottom: 40px !important;}\u00a0\u00bb][vc_empty_space height=\u00a0\u00bb40px\u00a0\u00bb][vc_separator color=\u00a0\u00bbcustom\u00a0\u00bb border_width=\u00a0\u00bb3&Prime; accent_color=\u00a0\u00bb#009fe3&Prime;][vc_separator&#8230;<\/p>\n","protected":false},"author":1,"featured_media":0,"parent":0,"menu_order":0,"comment_status":"closed","ping_status":"closed","template":"","meta":{"footnotes":""},"class_list":["post-8830","page","type-page","status-publish","hentry"],"yoast_head":"<!-- This site is optimized with the Yoast SEO plugin v27.5 - https:\/\/yoast.com\/product\/yoast-seo-wordpress\/ -->\n<title>Location scooter Cefal\u00f9 | CONTACTS - RentMeNow! - Off Road<\/title>\n<meta name=\"description\" content=\"Loue ton scooter \u00e0 Cefal\u00f9. D\u00e9couvre nos contacts et r\u00e9serve maintenant !\" \/>\n<meta name=\"robots\" content=\"index, follow, max-snippet:-1, max-image-preview:large, max-video-preview:-1\" \/>\n<link rel=\"canonical\" href=\"https:\/\/www.rentmenow.it\/fr\/location-scooter-cefalu-contacts\/\" \/>\n<meta property=\"og:locale\" content=\"fr_FR\" \/>\n<meta property=\"og:type\" content=\"article\" \/>\n<meta property=\"og:title\" content=\"Location scooter Cefal\u00f9 | CONTACTS - RentMeNow! - Off Road\" \/>\n<meta property=\"og:description\" content=\"Loue ton scooter \u00e0 Cefal\u00f9. D\u00e9couvre nos contacts et r\u00e9serve maintenant !\" \/>\n<meta property=\"og:url\" content=\"https:\/\/www.rentmenow.it\/fr\/location-scooter-cefalu-contacts\/\" \/>\n<meta property=\"og:site_name\" content=\"RentMeNow! - Off Road\" \/>\n<meta property=\"article:publisher\" content=\"https:\/\/www.facebook.com\/rentmenow.it\/\" \/>\n<meta property=\"article:modified_time\" content=\"2025-10-25T07:23:48+00:00\" \/>\n<meta name=\"twitter:card\" content=\"summary_large_image\" \/>\n<meta name=\"twitter:label1\" content=\"Dur\u00e9e de lecture estim\u00e9e\" \/>\n\t<meta name=\"twitter:data1\" content=\"4 minutes\" \/>\n<script type=\"application\/ld+json\" class=\"yoast-schema-graph\">{\"@context\":\"https:\\\/\\\/schema.org\",\"@graph\":[{\"@type\":\"WebPage\",\"@id\":\"https:\\\/\\\/www.rentmenow.it\\\/fr\\\/location-scooter-cefalu-contacts\\\/\",\"url\":\"https:\\\/\\\/www.rentmenow.it\\\/fr\\\/location-scooter-cefalu-contacts\\\/\",\"name\":\"Location scooter Cefal\u00f9 | CONTACTS - RentMeNow! - Off Road\",\"isPartOf\":{\"@id\":\"https:\\\/\\\/www.rentmenow.it\\\/fr\\\/#website\"},\"datePublished\":\"2021-05-05T14:34:47+00:00\",\"dateModified\":\"2025-10-25T07:23:48+00:00\",\"description\":\"Loue ton scooter \u00e0 Cefal\u00f9. D\u00e9couvre nos contacts et r\u00e9serve maintenant !\",\"breadcrumb\":{\"@id\":\"https:\\\/\\\/www.rentmenow.it\\\/fr\\\/location-scooter-cefalu-contacts\\\/#breadcrumb\"},\"inLanguage\":\"fr-FR\",\"potentialAction\":[{\"@type\":\"ReadAction\",\"target\":[\"https:\\\/\\\/www.rentmenow.it\\\/fr\\\/location-scooter-cefalu-contacts\\\/\"]}]},{\"@type\":\"BreadcrumbList\",\"@id\":\"https:\\\/\\\/www.rentmenow.it\\\/fr\\\/location-scooter-cefalu-contacts\\\/#breadcrumb\",\"itemListElement\":[{\"@type\":\"ListItem\",\"position\":1,\"name\":\"Domicile\",\"item\":\"https:\\\/\\\/www.rentmenow.it\\\/fr\\\/accueil\\\/\"},{\"@type\":\"ListItem\",\"position\":2,\"name\":\"Location scooter Cefal\u00f9 | CONTACTS\"}]},{\"@type\":\"WebSite\",\"@id\":\"https:\\\/\\\/www.rentmenow.it\\\/fr\\\/#website\",\"url\":\"https:\\\/\\\/www.rentmenow.it\\\/fr\\\/\",\"name\":\"RentMeNow! Noleggio scooter Cefal\u00f9\",\"description\":\"Noleggio scooter Cefal\u00f9\",\"publisher\":{\"@id\":\"https:\\\/\\\/www.rentmenow.it\\\/fr\\\/#organization\"},\"potentialAction\":[{\"@type\":\"SearchAction\",\"target\":{\"@type\":\"EntryPoint\",\"urlTemplate\":\"https:\\\/\\\/www.rentmenow.it\\\/fr\\\/?s={search_term_string}\"},\"query-input\":{\"@type\":\"PropertyValueSpecification\",\"valueRequired\":true,\"valueName\":\"search_term_string\"}}],\"inLanguage\":\"fr-FR\"},{\"@type\":\"Organization\",\"@id\":\"https:\\\/\\\/www.rentmenow.it\\\/fr\\\/#organization\",\"name\":\"Rent Me Now!\",\"url\":\"https:\\\/\\\/www.rentmenow.it\\\/fr\\\/\",\"logo\":{\"@type\":\"ImageObject\",\"inLanguage\":\"fr-FR\",\"@id\":\"https:\\\/\\\/www.rentmenow.it\\\/fr\\\/#\\\/schema\\\/logo\\\/image\\\/\",\"url\":\"https:\\\/\\\/www.rentmenow.it\\\/wp-content\\\/uploads\\\/2021\\\/07\\\/rentmenow_logo_small_Tavola-disegno-1.png\",\"contentUrl\":\"https:\\\/\\\/www.rentmenow.it\\\/wp-content\\\/uploads\\\/2021\\\/07\\\/rentmenow_logo_small_Tavola-disegno-1.png\",\"width\":315,\"height\":71,\"caption\":\"Rent Me Now!\"},\"image\":{\"@id\":\"https:\\\/\\\/www.rentmenow.it\\\/fr\\\/#\\\/schema\\\/logo\\\/image\\\/\"},\"sameAs\":[\"https:\\\/\\\/www.facebook.com\\\/rentmenow.it\\\/\"]}]}<\/script>\n<!-- \/ Yoast SEO plugin. -->","yoast_head_json":{"title":"Location scooter Cefal\u00f9 | CONTACTS - RentMeNow! - Off Road","description":"Loue ton scooter \u00e0 Cefal\u00f9. D\u00e9couvre nos contacts et r\u00e9serve maintenant !","robots":{"index":"index","follow":"follow","max-snippet":"max-snippet:-1","max-image-preview":"max-image-preview:large","max-video-preview":"max-video-preview:-1"},"canonical":"https:\/\/www.rentmenow.it\/fr\/location-scooter-cefalu-contacts\/","og_locale":"fr_FR","og_type":"article","og_title":"Location scooter Cefal\u00f9 | CONTACTS - RentMeNow! - Off Road","og_description":"Loue ton scooter \u00e0 Cefal\u00f9. D\u00e9couvre nos contacts et r\u00e9serve maintenant !","og_url":"https:\/\/www.rentmenow.it\/fr\/location-scooter-cefalu-contacts\/","og_site_name":"RentMeNow! - Off Road","article_publisher":"https:\/\/www.facebook.com\/rentmenow.it\/","article_modified_time":"2025-10-25T07:23:48+00:00","twitter_card":"summary_large_image","twitter_misc":{"Dur\u00e9e de lecture estim\u00e9e":"4 minutes"},"schema":{"@context":"https:\/\/schema.org","@graph":[{"@type":"WebPage","@id":"https:\/\/www.rentmenow.it\/fr\/location-scooter-cefalu-contacts\/","url":"https:\/\/www.rentmenow.it\/fr\/location-scooter-cefalu-contacts\/","name":"Location scooter Cefal\u00f9 | CONTACTS - RentMeNow! - Off Road","isPartOf":{"@id":"https:\/\/www.rentmenow.it\/fr\/#website"},"datePublished":"2021-05-05T14:34:47+00:00","dateModified":"2025-10-25T07:23:48+00:00","description":"Loue ton scooter \u00e0 Cefal\u00f9. D\u00e9couvre nos contacts et r\u00e9serve maintenant !","breadcrumb":{"@id":"https:\/\/www.rentmenow.it\/fr\/location-scooter-cefalu-contacts\/#breadcrumb"},"inLanguage":"fr-FR","potentialAction":[{"@type":"ReadAction","target":["https:\/\/www.rentmenow.it\/fr\/location-scooter-cefalu-contacts\/"]}]},{"@type":"BreadcrumbList","@id":"https:\/\/www.rentmenow.it\/fr\/location-scooter-cefalu-contacts\/#breadcrumb","itemListElement":[{"@type":"ListItem","position":1,"name":"Domicile","item":"https:\/\/www.rentmenow.it\/fr\/accueil\/"},{"@type":"ListItem","position":2,"name":"Location scooter Cefal\u00f9 | CONTACTS"}]},{"@type":"WebSite","@id":"https:\/\/www.rentmenow.it\/fr\/#website","url":"https:\/\/www.rentmenow.it\/fr\/","name":"RentMeNow! Noleggio scooter Cefal\u00f9","description":"Noleggio scooter Cefal\u00f9","publisher":{"@id":"https:\/\/www.rentmenow.it\/fr\/#organization"},"potentialAction":[{"@type":"SearchAction","target":{"@type":"EntryPoint","urlTemplate":"https:\/\/www.rentmenow.it\/fr\/?s={search_term_string}"},"query-input":{"@type":"PropertyValueSpecification","valueRequired":true,"valueName":"search_term_string"}}],"inLanguage":"fr-FR"},{"@type":"Organization","@id":"https:\/\/www.rentmenow.it\/fr\/#organization","name":"Rent Me Now!","url":"https:\/\/www.rentmenow.it\/fr\/","logo":{"@type":"ImageObject","inLanguage":"fr-FR","@id":"https:\/\/www.rentmenow.it\/fr\/#\/schema\/logo\/image\/","url":"https:\/\/www.rentmenow.it\/wp-content\/uploads\/2021\/07\/rentmenow_logo_small_Tavola-disegno-1.png","contentUrl":"https:\/\/www.rentmenow.it\/wp-content\/uploads\/2021\/07\/rentmenow_logo_small_Tavola-disegno-1.png","width":315,"height":71,"caption":"Rent Me Now!"},"image":{"@id":"https:\/\/www.rentmenow.it\/fr\/#\/schema\/logo\/image\/"},"sameAs":["https:\/\/www.facebook.com\/rentmenow.it\/"]}]}},"_links":{"self":[{"href":"https:\/\/www.rentmenow.it\/fr\/wp-json\/wp\/v2\/pages\/8830","targetHints":{"allow":["GET"]}}],"collection":[{"href":"https:\/\/www.rentmenow.it\/fr\/wp-json\/wp\/v2\/pages"}],"about":[{"href":"https:\/\/www.rentmenow.it\/fr\/wp-json\/wp\/v2\/types\/page"}],"author":[{"embeddable":true,"href":"https:\/\/www.rentmenow.it\/fr\/wp-json\/wp\/v2\/users\/1"}],"replies":[{"embeddable":true,"href":"https:\/\/www.rentmenow.it\/fr\/wp-json\/wp\/v2\/comments?post=8830"}],"version-history":[{"count":6,"href":"https:\/\/www.rentmenow.it\/fr\/wp-json\/wp\/v2\/pages\/8830\/revisions"}],"predecessor-version":[{"id":9012,"href":"https:\/\/www.rentmenow.it\/fr\/wp-json\/wp\/v2\/pages\/8830\/revisions\/9012"}],"wp:attachment":[{"href":"https:\/\/www.rentmenow.it\/fr\/wp-json\/wp\/v2\/media?parent=8830"}],"curies":[{"name":"wp","href":"https:\/\/api.w.org\/{rel}","templated":true}]}}