{"id":8665,"date":"2021-04-14T09:47:48","date_gmt":"2021-04-14T09:47:48","guid":{"rendered":"https:\/\/www.rentmenow.it\/vehicules-de-location\/"},"modified":"2025-10-17T10:47:46","modified_gmt":"2025-10-17T10:47:46","slug":"vehicules-de-location","status":"publish","type":"page","link":"https:\/\/www.rentmenow.it\/fr\/vehicules-de-location\/","title":{"rendered":"V\u00e9hicules de location"},"content":{"rendered":"<p>[vc_row full_width=\u00a0\u00bbstretch_row_content\u00a0\u00bb full_height=\u00a0\u00bbyes\u00a0\u00bb content_placement=\u00a0\u00bbmiddle\u00a0\u00bb bg_type=\u00a0\u00bbimage\u00a0\u00bb parallax_style=\u00a0\u00bbvcpb-default\u00a0\u00bb bg_image_new=\u00a0\u00bbid^7862|url^https:\/\/www.rentmenow.it\/wp-content\/uploads\/2021\/05\/vista-cefalu-noleggio-scooter.jpg|caption^null|alt^null|title^vista-cefalu-noleggio-scooter|description^null\u00a0\u00bb bg_override=\u00a0\u00bbfull\u00a0\u00bb css=\u00a0\u00bb.vc_custom_1620211648562{margin-top: 0px !important;border-top-width: 0px !important;padding-top: 0px !important;}\u00a0\u00bb][vc_column width=\u00a0\u00bb1\/2&Prime; css=\u00a0\u00bb.vc_custom_1625836196932{margin-right: 0px !important;margin-left: 0px !important;border-right-width: 0px !important;border-left-width: 0px !important;padding-top: 50px !important;padding-right: 6% !important;padding-left: 6% !important;}\u00a0\u00bb][vc_row_inner][vc_column_inner width=\u00a0\u00bb1\/12&Prime;][\/vc_column_inner][vc_column_inner width=\u00a0\u00bb10\/12&Prime;][vc_column_text el_id=\u00a0\u00bbbooking\u00a0\u00bb]No results page set in current language[\/vc_column_text][\/vc_column_inner][vc_column_inner width=\u00a0\u00bb1\/12&Prime;][\/vc_column_inner][\/vc_row_inner][\/vc_column][vc_column width=\u00a0\u00bb1\/2&Prime; css=\u00a0\u00bb.vc_custom_1620123643630{background-color: rgba(0,159,227,0.71) !important;*background-color: rgb(0,159,227) !important;}\u00a0\u00bb][vc_empty_space]<div id=\"ultimate-heading-808969e17b86864a3\" class=\"uvc-heading ult-adjust-bottom-margin ultimate-heading-808969e17b86864a3 uvc-9031 \" data-hspacer=\"no_spacer\"  data-halign=\"center\" style=\"text-align:center\"><div class=\"uvc-heading-spacer no_spacer\" style=\"top\"><\/div><div class=\"uvc-main-heading ult-responsive\"  data-ultimate-target='.uvc-heading.ultimate-heading-808969e17b86864a3 h2'  data-responsive-json-new='{\"font-size\":\"desktop:70px;\",\"line-height\":\"\"}' ><h2 style=\"font-weight:bold;color:#ffffff;\">Rent Me Now!<\/h2><\/div><div class=\"uvc-sub-heading ult-responsive\"  data-ultimate-target='.uvc-heading.ultimate-heading-808969e17b86864a3 .uvc-sub-heading '  data-responsive-json-new='{\"font-size\":\"desktop:36px;\",\"line-height\":\"\"}'  style=\"font-weight:bold;color:#ffffff;\">Location de scooters Cefal\u00f9<\/div><\/div>[vc_empty_space][vc_empty_space][vc_empty_space][\/vc_column][\/vc_row][vc_row full_width=\u00a0\u00bbstretch_row_content\u00a0\u00bb full_height=\u00a0\u00bbyes\u00a0\u00bb content_placement=\u00a0\u00bbmiddle\u00a0\u00bb disable_element=\u00a0\u00bbyes\u00a0\u00bb bg_type=\u00a0\u00bbimage\u00a0\u00bb parallax_style=\u00a0\u00bbvcpb-default\u00a0\u00bb bg_image_new=\u00a0\u00bbid^7862|url^https:\/\/www.rentmenow.it\/wp-content\/uploads\/2021\/05\/vista-cefalu-noleggio-scooter.jpg|caption^null|alt^null|title^vista-cefalu-noleggio-scooter|description^null\u00a0\u00bb bg_override=\u00a0\u00bbfull\u00a0\u00bb css=\u00a0\u00bb.vc_custom_1656499555543{margin-top: 0px !important;border-top-width: 0px !important;padding-top: 0px !important;}\u00a0\u00bb][vc_column width=\u00a0\u00bb1\/2&Prime; css=\u00a0\u00bb.vc_custom_1620219106043{padding-top: 50px !important;padding-right: 6% !important;padding-left: 6% !important;}\u00a0\u00bb][vc_column_text]No results page set in current language[\/vc_column_text][\/vc_column][vc_column width=\u00a0\u00bb1\/2&Prime; css=\u00a0\u00bb.vc_custom_1620123643630{background-color: rgba(0,159,227,0.71) !important;*background-color: rgb(0,159,227) !important;}\u00a0\u00bb][vc_empty_space]<div id=\"ultimate-heading-816669e17b8686d23\" class=\"uvc-heading ult-adjust-bottom-margin ultimate-heading-816669e17b8686d23 uvc-6241 \" data-hspacer=\"no_spacer\"  data-halign=\"center\" style=\"text-align:center\"><div class=\"uvc-heading-spacer no_spacer\" style=\"top\"><\/div><div class=\"uvc-main-heading ult-responsive\"  data-ultimate-target='.uvc-heading.ultimate-heading-816669e17b8686d23 h2'  data-responsive-json-new='{\"font-size\":\"desktop:70px;\",\"line-height\":\"\"}' ><h2 style=\"font-weight:bold;color:#ffffff;\">Rent Me Now!<\/h2><\/div><div class=\"uvc-sub-heading ult-responsive\"  data-ultimate-target='.uvc-heading.ultimate-heading-816669e17b8686d23 .uvc-sub-heading '  data-responsive-json-new='{\"font-size\":\"desktop:36px;\",\"line-height\":\"\"}'  style=\"font-weight:bold;color:#ffffff;\">lance la recherche !<\/div><\/div>[vc_empty_space][vc_empty_space][vc_empty_space][\/vc_column][\/vc_row][vc_row full_width=\u00a0\u00bbstretch_row_content_no_spaces\u00a0\u00bb][vc_column][vc_column_text]\n<div class=\"renthub_search_results_container gs-container container_list\" data-get-ajax-results=\"false\">\n\n    <div class=\"rentahub_search_details\">\n        <div class=\"renthub_starting_place_container\">\n\n        <\/div>\n        <div class=\"renthub_ending_place\"><\/div>\n\n\n        <div class=\"renthub_change_btn_container\">\n\n        <\/div>\n\n    <\/div>\n\n\n            <div class=\"text-center rh_no_search_params\">\n            <h3>Entrer les param\u00e8tres et d\u00e9marrer la recherche pour trouver le v\u00e9hicule juste pour vous!<\/h3>\n        <\/div>\n    <\/div>\n[\/vc_column_text][\/vc_column][\/vc_row]<\/p>\n","protected":false},"excerpt":{"rendered":"<p>[vc_row full_width=\u00a0\u00bbstretch_row_content\u00a0\u00bb full_height=\u00a0\u00bbyes\u00a0\u00bb content_placement=\u00a0\u00bbmiddle\u00a0\u00bb bg_type=\u00a0\u00bbimage\u00a0\u00bb parallax_style=\u00a0\u00bbvcpb-default\u00a0\u00bb bg_image_new=\u00a0\u00bbid^7862|url^https:\/\/www.rentmenow.it\/wp-content\/uploads\/2021\/05\/vista-cefalu-noleggio-scooter.jpg|caption^null|alt^null|title^vista-cefalu-noleggio-scooter|description^null\u00a0\u00bb bg_override=\u00a0\u00bbfull\u00a0\u00bb css=\u00a0\u00bb.vc_custom_1620211648562{margin-top: 0px !important;border-top-width: 0px !important;padding-top: 0px !important;}\u00a0\u00bb][vc_column width=\u00a0\u00bb1\/2&Prime; css=\u00a0\u00bb.vc_custom_1625836196932{margin-right: 0px !important;margin-left: 0px !important;border-right-width: 0px !important;border-left-width: 0px !important;padding-top: 50px !important;padding-right: 6% !important;padding-left: 6% !important;}\u00a0\u00bb][vc_row_inner][vc_column_inner width=\u00a0\u00bb1\/12&Prime;][\/vc_column_inner][vc_column_inner width=\u00a0\u00bb10\/12&Prime;][vc_column_text el_id=\u00a0\u00bbbooking\u00a0\u00bb][\/vc_column_text][\/vc_column_inner][vc_column_inner width=\u00a0\u00bb1\/12&Prime;][\/vc_column_inner][\/vc_row_inner][\/vc_column][vc_column width=\u00a0\u00bb1\/2&Prime; css=\u00a0\u00bb.vc_custom_1620123643630{background-color: rgba(0,159,227,0.71) !important;*background-color: rgb(0,159,227)&#8230;<\/p>\n","protected":false},"author":1,"featured_media":0,"parent":0,"menu_order":0,"comment_status":"closed","ping_status":"closed","template":"","meta":{"footnotes":""},"class_list":["post-8665","page","type-page","status-publish","hentry"],"yoast_head":"<!-- This site is optimized with the Yoast SEO plugin v27.4 - https:\/\/yoast.com\/product\/yoast-seo-wordpress\/ -->\n<title>V\u00e9hicules de location - RentMeNow! - Off Road<\/title>\n<meta name=\"robots\" content=\"index, follow, max-snippet:-1, max-image-preview:large, max-video-preview:-1\" \/>\n<link rel=\"canonical\" href=\"https:\/\/www.rentmenow.it\/fr\/vehicules-de-location\/\" \/>\n<meta property=\"og:locale\" content=\"fr_FR\" \/>\n<meta property=\"og:type\" content=\"article\" \/>\n<meta property=\"og:title\" content=\"V\u00e9hicules de location - RentMeNow! - Off Road\" \/>\n<meta property=\"og:description\" content=\"[vc_row full_width=\u00a0\u00bbstretch_row_content\u00a0\u00bb full_height=\u00a0\u00bbyes\u00a0\u00bb content_placement=\u00a0\u00bbmiddle\u00a0\u00bb bg_type=\u00a0\u00bbimage\u00a0\u00bb parallax_style=\u00a0\u00bbvcpb-default\u00a0\u00bb bg_image_new=\u00a0\u00bbid^7862|url^https:\/\/www.rentmenow.it\/wp-content\/uploads\/2021\/05\/vista-cefalu-noleggio-scooter.jpg|caption^null|alt^null|title^vista-cefalu-noleggio-scooter|description^null\u00a0\u00bb bg_override=\u00a0\u00bbfull\u00a0\u00bb css=\u00a0\u00bb.vc_custom_1620211648562{margin-top: 0px !important;border-top-width: 0px !important;padding-top: 0px !important;}\u00a0\u00bb][vc_column width=\u00a0\u00bb1\/2&Prime; css=\u00a0\u00bb.vc_custom_1625836196932{margin-right: 0px !important;margin-left: 0px !important;border-right-width: 0px !important;border-left-width: 0px !important;padding-top: 50px !important;padding-right: 6% !important;padding-left: 6% !important;}\u00a0\u00bb][vc_row_inner][vc_column_inner width=\u00a0\u00bb1\/12&Prime;][\/vc_column_inner][vc_column_inner width=\u00a0\u00bb10\/12&Prime;][vc_column_text el_id=\u00a0\u00bbbooking\u00a0\u00bb][\/vc_column_text][\/vc_column_inner][vc_column_inner width=\u00a0\u00bb1\/12&Prime;][\/vc_column_inner][\/vc_row_inner][\/vc_column][vc_column width=\u00a0\u00bb1\/2&Prime; css=\u00a0\u00bb.vc_custom_1620123643630{background-color: rgba(0,159,227,0.71) !important;*background-color: rgb(0,159,227)...\" \/>\n<meta property=\"og:url\" content=\"https:\/\/www.rentmenow.it\/fr\/vehicules-de-location\/\" \/>\n<meta property=\"og:site_name\" content=\"RentMeNow! - Off Road\" \/>\n<meta property=\"article:publisher\" content=\"https:\/\/www.facebook.com\/rentmenow.it\/\" \/>\n<meta property=\"article:modified_time\" content=\"2025-10-17T10:47:46+00:00\" \/>\n<meta name=\"twitter:card\" content=\"summary_large_image\" \/>\n<meta name=\"twitter:label1\" content=\"Dur\u00e9e de lecture estim\u00e9e\" \/>\n\t<meta name=\"twitter:data1\" content=\"2 minutes\" \/>\n<script type=\"application\/ld+json\" class=\"yoast-schema-graph\">{\"@context\":\"https:\\\/\\\/schema.org\",\"@graph\":[{\"@type\":\"WebPage\",\"@id\":\"https:\\\/\\\/www.rentmenow.it\\\/fr\\\/vehicules-de-location\\\/\",\"url\":\"https:\\\/\\\/www.rentmenow.it\\\/fr\\\/vehicules-de-location\\\/\",\"name\":\"V\u00e9hicules de location - RentMeNow! - Off Road\",\"isPartOf\":{\"@id\":\"https:\\\/\\\/www.rentmenow.it\\\/fr\\\/#website\"},\"datePublished\":\"2021-04-14T09:47:48+00:00\",\"dateModified\":\"2025-10-17T10:47:46+00:00\",\"breadcrumb\":{\"@id\":\"https:\\\/\\\/www.rentmenow.it\\\/fr\\\/vehicules-de-location\\\/#breadcrumb\"},\"inLanguage\":\"fr-FR\",\"potentialAction\":[{\"@type\":\"ReadAction\",\"target\":[\"https:\\\/\\\/www.rentmenow.it\\\/fr\\\/vehicules-de-location\\\/\"]}]},{\"@type\":\"BreadcrumbList\",\"@id\":\"https:\\\/\\\/www.rentmenow.it\\\/fr\\\/vehicules-de-location\\\/#breadcrumb\",\"itemListElement\":[{\"@type\":\"ListItem\",\"position\":1,\"name\":\"Domicile\",\"item\":\"https:\\\/\\\/www.rentmenow.it\\\/fr\\\/accueil\\\/\"},{\"@type\":\"ListItem\",\"position\":2,\"name\":\"V\u00e9hicules de location\"}]},{\"@type\":\"WebSite\",\"@id\":\"https:\\\/\\\/www.rentmenow.it\\\/fr\\\/#website\",\"url\":\"https:\\\/\\\/www.rentmenow.it\\\/fr\\\/\",\"name\":\"RentMeNow! Noleggio scooter Cefal\u00f9\",\"description\":\"Noleggio scooter Cefal\u00f9\",\"publisher\":{\"@id\":\"https:\\\/\\\/www.rentmenow.it\\\/fr\\\/#organization\"},\"potentialAction\":[{\"@type\":\"SearchAction\",\"target\":{\"@type\":\"EntryPoint\",\"urlTemplate\":\"https:\\\/\\\/www.rentmenow.it\\\/fr\\\/?s={search_term_string}\"},\"query-input\":{\"@type\":\"PropertyValueSpecification\",\"valueRequired\":true,\"valueName\":\"search_term_string\"}}],\"inLanguage\":\"fr-FR\"},{\"@type\":\"Organization\",\"@id\":\"https:\\\/\\\/www.rentmenow.it\\\/fr\\\/#organization\",\"name\":\"Rent Me Now!\",\"url\":\"https:\\\/\\\/www.rentmenow.it\\\/fr\\\/\",\"logo\":{\"@type\":\"ImageObject\",\"inLanguage\":\"fr-FR\",\"@id\":\"https:\\\/\\\/www.rentmenow.it\\\/fr\\\/#\\\/schema\\\/logo\\\/image\\\/\",\"url\":\"https:\\\/\\\/www.rentmenow.it\\\/wp-content\\\/uploads\\\/2021\\\/07\\\/rentmenow_logo_small_Tavola-disegno-1.png\",\"contentUrl\":\"https:\\\/\\\/www.rentmenow.it\\\/wp-content\\\/uploads\\\/2021\\\/07\\\/rentmenow_logo_small_Tavola-disegno-1.png\",\"width\":315,\"height\":71,\"caption\":\"Rent Me Now!\"},\"image\":{\"@id\":\"https:\\\/\\\/www.rentmenow.it\\\/fr\\\/#\\\/schema\\\/logo\\\/image\\\/\"},\"sameAs\":[\"https:\\\/\\\/www.facebook.com\\\/rentmenow.it\\\/\"]}]}<\/script>\n<!-- \/ Yoast SEO plugin. -->","yoast_head_json":{"title":"V\u00e9hicules de location - RentMeNow! - Off Road","robots":{"index":"index","follow":"follow","max-snippet":"max-snippet:-1","max-image-preview":"max-image-preview:large","max-video-preview":"max-video-preview:-1"},"canonical":"https:\/\/www.rentmenow.it\/fr\/vehicules-de-location\/","og_locale":"fr_FR","og_type":"article","og_title":"V\u00e9hicules de location - RentMeNow! - Off Road","og_description":"[vc_row full_width=\u00a0\u00bbstretch_row_content\u00a0\u00bb full_height=\u00a0\u00bbyes\u00a0\u00bb content_placement=\u00a0\u00bbmiddle\u00a0\u00bb bg_type=\u00a0\u00bbimage\u00a0\u00bb parallax_style=\u00a0\u00bbvcpb-default\u00a0\u00bb bg_image_new=\u00a0\u00bbid^7862|url^https:\/\/www.rentmenow.it\/wp-content\/uploads\/2021\/05\/vista-cefalu-noleggio-scooter.jpg|caption^null|alt^null|title^vista-cefalu-noleggio-scooter|description^null\u00a0\u00bb bg_override=\u00a0\u00bbfull\u00a0\u00bb css=\u00a0\u00bb.vc_custom_1620211648562{margin-top: 0px !important;border-top-width: 0px !important;padding-top: 0px !important;}\u00a0\u00bb][vc_column width=\u00a0\u00bb1\/2&Prime; css=\u00a0\u00bb.vc_custom_1625836196932{margin-right: 0px !important;margin-left: 0px !important;border-right-width: 0px !important;border-left-width: 0px !important;padding-top: 50px !important;padding-right: 6% !important;padding-left: 6% !important;}\u00a0\u00bb][vc_row_inner][vc_column_inner width=\u00a0\u00bb1\/12&Prime;][\/vc_column_inner][vc_column_inner width=\u00a0\u00bb10\/12&Prime;][vc_column_text el_id=\u00a0\u00bbbooking\u00a0\u00bb][\/vc_column_text][\/vc_column_inner][vc_column_inner width=\u00a0\u00bb1\/12&Prime;][\/vc_column_inner][\/vc_row_inner][\/vc_column][vc_column width=\u00a0\u00bb1\/2&Prime; css=\u00a0\u00bb.vc_custom_1620123643630{background-color: rgba(0,159,227,0.71) !important;*background-color: rgb(0,159,227)...","og_url":"https:\/\/www.rentmenow.it\/fr\/vehicules-de-location\/","og_site_name":"RentMeNow! - Off Road","article_publisher":"https:\/\/www.facebook.com\/rentmenow.it\/","article_modified_time":"2025-10-17T10:47:46+00:00","twitter_card":"summary_large_image","twitter_misc":{"Dur\u00e9e de lecture estim\u00e9e":"2 minutes"},"schema":{"@context":"https:\/\/schema.org","@graph":[{"@type":"WebPage","@id":"https:\/\/www.rentmenow.it\/fr\/vehicules-de-location\/","url":"https:\/\/www.rentmenow.it\/fr\/vehicules-de-location\/","name":"V\u00e9hicules de location - RentMeNow! - Off Road","isPartOf":{"@id":"https:\/\/www.rentmenow.it\/fr\/#website"},"datePublished":"2021-04-14T09:47:48+00:00","dateModified":"2025-10-17T10:47:46+00:00","breadcrumb":{"@id":"https:\/\/www.rentmenow.it\/fr\/vehicules-de-location\/#breadcrumb"},"inLanguage":"fr-FR","potentialAction":[{"@type":"ReadAction","target":["https:\/\/www.rentmenow.it\/fr\/vehicules-de-location\/"]}]},{"@type":"BreadcrumbList","@id":"https:\/\/www.rentmenow.it\/fr\/vehicules-de-location\/#breadcrumb","itemListElement":[{"@type":"ListItem","position":1,"name":"Domicile","item":"https:\/\/www.rentmenow.it\/fr\/accueil\/"},{"@type":"ListItem","position":2,"name":"V\u00e9hicules de location"}]},{"@type":"WebSite","@id":"https:\/\/www.rentmenow.it\/fr\/#website","url":"https:\/\/www.rentmenow.it\/fr\/","name":"RentMeNow! Noleggio scooter Cefal\u00f9","description":"Noleggio scooter Cefal\u00f9","publisher":{"@id":"https:\/\/www.rentmenow.it\/fr\/#organization"},"potentialAction":[{"@type":"SearchAction","target":{"@type":"EntryPoint","urlTemplate":"https:\/\/www.rentmenow.it\/fr\/?s={search_term_string}"},"query-input":{"@type":"PropertyValueSpecification","valueRequired":true,"valueName":"search_term_string"}}],"inLanguage":"fr-FR"},{"@type":"Organization","@id":"https:\/\/www.rentmenow.it\/fr\/#organization","name":"Rent Me Now!","url":"https:\/\/www.rentmenow.it\/fr\/","logo":{"@type":"ImageObject","inLanguage":"fr-FR","@id":"https:\/\/www.rentmenow.it\/fr\/#\/schema\/logo\/image\/","url":"https:\/\/www.rentmenow.it\/wp-content\/uploads\/2021\/07\/rentmenow_logo_small_Tavola-disegno-1.png","contentUrl":"https:\/\/www.rentmenow.it\/wp-content\/uploads\/2021\/07\/rentmenow_logo_small_Tavola-disegno-1.png","width":315,"height":71,"caption":"Rent Me Now!"},"image":{"@id":"https:\/\/www.rentmenow.it\/fr\/#\/schema\/logo\/image\/"},"sameAs":["https:\/\/www.facebook.com\/rentmenow.it\/"]}]}},"_links":{"self":[{"href":"https:\/\/www.rentmenow.it\/fr\/wp-json\/wp\/v2\/pages\/8665","targetHints":{"allow":["GET"]}}],"collection":[{"href":"https:\/\/www.rentmenow.it\/fr\/wp-json\/wp\/v2\/pages"}],"about":[{"href":"https:\/\/www.rentmenow.it\/fr\/wp-json\/wp\/v2\/types\/page"}],"author":[{"embeddable":true,"href":"https:\/\/www.rentmenow.it\/fr\/wp-json\/wp\/v2\/users\/1"}],"replies":[{"embeddable":true,"href":"https:\/\/www.rentmenow.it\/fr\/wp-json\/wp\/v2\/comments?post=8665"}],"version-history":[{"count":5,"href":"https:\/\/www.rentmenow.it\/fr\/wp-json\/wp\/v2\/pages\/8665\/revisions"}],"predecessor-version":[{"id":8681,"href":"https:\/\/www.rentmenow.it\/fr\/wp-json\/wp\/v2\/pages\/8665\/revisions\/8681"}],"wp:attachment":[{"href":"https:\/\/www.rentmenow.it\/fr\/wp-json\/wp\/v2\/media?parent=8665"}],"curies":[{"name":"wp","href":"https:\/\/api.w.org\/{rel}","templated":true}]}}